{"id":306,"date":"2025-03-18T10:53:46","date_gmt":"2025-03-18T09:53:46","guid":{"rendered":"https:\/\/new.arm-abogados.com\/?page_id=306"},"modified":"2025-11-06T15:23:23","modified_gmt":"2025-11-06T14:23:23","slug":"direito-fiscal","status":"publish","type":"page","link":"https:\/\/kaminada.nl\/pt\/direito-fiscal\/","title":{"rendered":"Contabilidade"},"content":{"rendered":"<div data-elementor-type=\"wp-page\" data-elementor-id=\"306\" class=\"elementor elementor-306\" data-elementor-post-type=\"page\">\n\t\t\t\t<div class=\"elementor-element elementor-element-6e23067e e-con-full e-flex e-con e-parent\" data-id=\"6e23067e\" data-element_type=\"container\" id=\"header_pop\" data-settings=\"{&quot;sticky&quot;:&quot;top&quot;,&quot;sticky_on&quot;:[&quot;desktop&quot;,&quot;tablet&quot;,&quot;mobile&quot;],&quot;sticky_offset&quot;:0,&quot;sticky_effects_offset&quot;:0,&quot;sticky_anchor_link_offset&quot;:0}\">\n\t\t<div class=\"elementor-element elementor-element-3e2cb6f5 e-flex e-con-boxed e-con e-child\" data-id=\"3e2cb6f5\" data-element_type=\"container\" data-settings=\"{&quot;background_background&quot;:&quot;classic&quot;}\">\n\t\t\t\t\t<div class=\"e-con-inner\">\n\t\t<div class=\"elementor-element elementor-element-35767d9b elementor-hidden-mobile e-con-full e-flex e-con e-child\" data-id=\"35767d9b\" data-element_type=\"container\">\n\t\t\t\t<div class=\"elementor-element elementor-element-62ceee80 elementor-icon-list--layout-inline elementor-align-left elementor-mobile-align-center elementor-list-item-link-full_width elementor-widget elementor-widget-icon-list\" data-id=\"62ceee80\" data-element_type=\"widget\" data-widget_type=\"icon-list.default\">\n\t\t\t\t<div class=\"elementor-widget-container\">\n\t\t\t\t\t\t\t<ul class=\"elementor-icon-list-items elementor-inline-items\">\n\t\t\t\t\t\t\t<li class=\"elementor-icon-list-item elementor-inline-item\">\n\t\t\t\t\t\t\t\t\t\t\t<a href=\"tel:+31850848390\">\n\n\t\t\t\t\t\t\t\t\t\t\t\t<span class=\"elementor-icon-list-icon\">\n\t\t\t\t\t\t\t<svg aria-hidden=\"true\" class=\"e-font-icon-svg e-fas-phone\" viewbox=\"0 0 512 512\" xmlns=\"http:\/\/www.w3.org\/2000\/svg\"><path d=\"M493.4 24.6l-104-24c-11.3-2.6-22.9 3.3-27.5 13.9l-48 112c-4.2 9.8-1.4 21.3 6.9 28l60.6 49.6c-36 76.7-98.9 140.5-177.2 177.2l-49.6-60.6c-6.8-8.3-18.2-11.1-28-6.9l-112 48C3.9 366.5-2 378.1.6 389.4l24 104C27.1 504.2 36.7 512 48 512c256.1 0 464-207.5 464-464 0-11.2-7.7-20.9-18.6-23.4z\"><\/path><\/svg>\t\t\t\t\t\t<\/span>\n\t\t\t\t\t\t\t\t\t\t<span class=\"elementor-icon-list-text\">NL: +31 850 848 390<\/span>\n\t\t\t\t\t\t\t\t\t\t\t<\/a>\n\t\t\t\t\t\t\t\t\t<\/li>\n\t\t\t\t\t\t\t\t<li class=\"elementor-icon-list-item elementor-inline-item\">\n\t\t\t\t\t\t\t\t\t\t\t<a href=\"tel:+34865780203\">\n\n\t\t\t\t\t\t\t\t\t\t\t\t<span class=\"elementor-icon-list-icon\">\n\t\t\t\t\t\t\t<svg aria-hidden=\"true\" class=\"e-font-icon-svg e-fas-phone\" viewbox=\"0 0 512 512\" xmlns=\"http:\/\/www.w3.org\/2000\/svg\"><path d=\"M493.4 24.6l-104-24c-11.3-2.6-22.9 3.3-27.5 13.9l-48 112c-4.2 9.8-1.4 21.3 6.9 28l60.6 49.6c-36 76.7-98.9 140.5-177.2 177.2l-49.6-60.6c-6.8-8.3-18.2-11.1-28-6.9l-112 48C3.9 366.5-2 378.1.6 389.4l24 104C27.1 504.2 36.7 512 48 512c256.1 0 464-207.5 464-464 0-11.2-7.7-20.9-18.6-23.4z\"><\/path><\/svg>\t\t\t\t\t\t<\/span>\n\t\t\t\t\t\t\t\t\t\t<span class=\"elementor-icon-list-text\">ES: +34 865 780 203<\/span>\n\t\t\t\t\t\t\t\t\t\t\t<\/a>\n\t\t\t\t\t\t\t\t\t<\/li>\n\t\t\t\t\t\t\t\t<li class=\"elementor-icon-list-item elementor-inline-item\">\n\t\t\t\t\t\t\t\t\t\t\t<a href=\"#contactfooter\">\n\n\t\t\t\t\t\t\t\t\t\t\t\t<span class=\"elementor-icon-list-icon\">\n\t\t\t\t\t\t\t<svg aria-hidden=\"true\" class=\"e-font-icon-svg e-fas-envelope\" viewbox=\"0 0 512 512\" xmlns=\"http:\/\/www.w3.org\/2000\/svg\"><path d=\"M502.3 190.8c3.9-3.1 9.7-.2 9.7 4.7V400c0 26.5-21.5 48-48 48H48c-26.5 0-48-21.5-48-48V195.6c0-5 5.7-7.8 9.7-4.7 22.4 17.4 52.1 39.5 154.1 113.6 21.1 15.4 56.7 47.8 92.2 47.6 35.7.3 72-32.8 92.3-47.6 102-74.1 131.6-96.3 154-113.7zM256 320c23.2.4 56.6-29.2 73.4-41.4 132.7-96.3 142.8-104.7 173.4-128.7 5.8-4.5 9.2-11.5 9.2-18.9v-19c0-26.5-21.5-48-48-48H48C21.5 64 0 85.5 0 112v19c0 7.4 3.4 14.3 9.2 18.9 30.6 23.9 40.7 32.4 173.4 128.7 16.8 12.2 50.2 41.8 73.4 41.4z\"><\/path><\/svg>\t\t\t\t\t\t<\/span>\n\t\t\t\t\t\t\t\t\t\t<span class=\"elementor-icon-list-text\">info@kaminada.nl<\/span>\n\t\t\t\t\t\t\t\t\t\t\t<\/a>\n\t\t\t\t\t\t\t\t\t<\/li>\n\t\t\t\t\t\t<\/ul>\n\t\t\t\t\t\t<\/div>\n\t\t\t\t<\/div>\n\t\t\t\t<\/div>\n\t\t\t\t\t<\/div>\n\t\t\t\t<\/div>\n\t\t<div class=\"elementor-element elementor-element-5fe57ce1 e-flex e-con-boxed e-con e-child\" data-id=\"5fe57ce1\" data-element_type=\"container\" data-settings=\"{&quot;background_background&quot;:&quot;classic&quot;}\">\n\t\t\t\t\t<div class=\"e-con-inner\">\n\t\t\t\t<div class=\"elementor-element elementor-element-27ae1b85 elementor-widget-tablet__width-initial e-transform elementor-widget elementor-widget-image\" data-id=\"27ae1b85\" data-element_type=\"widget\" data-settings=\"{&quot;_transform_scale_effect_tablet&quot;:{&quot;unit&quot;:&quot;px&quot;,&quot;size&quot;:2,&quot;sizes&quot;:[]},&quot;_transform_scale_effect&quot;:{&quot;unit&quot;:&quot;px&quot;,&quot;size&quot;:&quot;&quot;,&quot;sizes&quot;:[]},&quot;_transform_scale_effect_mobile&quot;:{&quot;unit&quot;:&quot;px&quot;,&quot;size&quot;:&quot;&quot;,&quot;sizes&quot;:[]}}\" data-widget_type=\"image.default\">\n\t\t\t\t<div class=\"elementor-widget-container\">\n\t\t\t\t\t\t\t\t\t\t\t\t\t\t\t\t<a href=\"https:\/\/kaminada.nl\/pt\">\n\t\t\t\t\t\t\t<img decoding=\"async\" width=\"300\" height=\"98\" src=\"https:\/\/kaminada.nl\/wp-content\/uploads\/2025\/06\/Kaminada_legalaccounting_-logo_rgb-300x98.png\" class=\"attachment-medium size-medium wp-image-1550\" alt=\"\" srcset=\"https:\/\/kaminada.nl\/wp-content\/uploads\/2025\/06\/Kaminada_legalaccounting_-logo_rgb-300x98.png 300w, https:\/\/kaminada.nl\/wp-content\/uploads\/2025\/06\/Kaminada_legalaccounting_-logo_rgb.png 598w\" sizes=\"(max-width: 300px) 100vw, 300px\" \/>\t\t\t\t\t\t\t\t<\/a>\n\t\t\t\t\t\t\t\t\t\t\t\t\t\t\t<\/div>\n\t\t\t\t<\/div>\n\t\t\t\t\t<\/div>\n\t\t\t\t<\/div>\n\t\t\t\t<\/div>\n\t\t<div class=\"elementor-element elementor-element-864bcb6 e-flex e-con-boxed e-con e-parent\" data-id=\"864bcb6\" data-element_type=\"container\">\n\t\t\t\t\t<div class=\"e-con-inner\">\n\t\t<div class=\"elementor-element elementor-element-29f4300 e-con-full e-flex e-con e-child\" data-id=\"29f4300\" data-element_type=\"container\">\n\t\t\t\t<div class=\"elementor-element elementor-element-aa4d240 animated-slow elementor-invisible elementor-widget elementor-widget-heading\" data-id=\"aa4d240\" data-element_type=\"widget\" data-settings=\"{&quot;_animation&quot;:&quot;fadeIn&quot;}\" data-widget_type=\"heading.default\">\n\t\t\t\t<div class=\"elementor-widget-container\">\n\t\t\t\t\t<h2 class=\"elementor-heading-title elementor-size-default\">Contabilidade<\/h2>\t\t\t\t<\/div>\n\t\t\t\t<\/div>\n\t\t\t\t<div class=\"elementor-element elementor-element-680d67d elementor-widget__width-initial elementor-widget elementor-widget-text-editor\" data-id=\"680d67d\" data-element_type=\"widget\" data-widget_type=\"text-editor.default\">\n\t\t\t\t<div class=\"elementor-widget-container\">\n\t\t\t\t\t\t\t\t\t<p><strong>Neg\u00f3cios despreocupados com uma contabilidade fi\u00e1vel<\/strong><\/p><p>Uma boa contabilidade \u00e9 a espinha dorsal de qualquer empresa de sucesso. N\u00e3o s\u00f3 para as declara\u00e7\u00f5es fiscais, mas tamb\u00e9m para a perce\u00e7\u00e3o, dire\u00e7\u00e3o e crescimento. Na Kaminada, asseguramos que os seus registos est\u00e3o sempre em ordem - precisos, claros e acess\u00edveis em tempo real.<\/p><p>Oferecemos suporte completo para:<\/p><ul><li>Criar e otimizar a sua gest\u00e3o financeira<\/li><li>Processamento de facturas, muta\u00e7\u00f5es banc\u00e1rias e fluxos de caixa<\/li><li>Relat\u00f3rios peri\u00f3dicos e informa\u00e7\u00f5es de gest\u00e3o<\/li><li>Declara\u00e7\u00f5es de IVA e declara\u00e7\u00f5es de sal\u00e1rios<\/li><li>Demonstra\u00e7\u00f5es financeiras e publica\u00e7\u00e3o do balan\u00e7o<\/li><li>Conformidade e registo de acordo com a regulamenta\u00e7\u00e3o internacional<\/li><\/ul><p><strong>\u00a0<\/strong><\/p><p><strong>\u00a0<\/strong><\/p>\t\t\t\t\t\t\t\t<\/div>\n\t\t\t\t<\/div>\n\t\t\t\t<\/div>\n\t\t<div class=\"elementor-element elementor-element-51cf8d2 e-con-full e-flex e-con e-child\" data-id=\"51cf8d2\" data-element_type=\"container\">\n\t\t\t\t<div class=\"elementor-element elementor-element-b165db1 animated-slow elementor-invisible elementor-widget elementor-widget-image\" data-id=\"b165db1\" data-element_type=\"widget\" data-settings=\"{&quot;_animation&quot;:&quot;slideInRight&quot;}\" data-widget_type=\"image.default\">\n\t\t\t\t<div class=\"elementor-widget-container\">\n\t\t\t\t\t\t\t\t\t\t\t\t\t\t\t<img decoding=\"async\" src=\"https:\/\/kaminada.nl\/wp-content\/uploads\/elementor\/thumbs\/DSCF9238-scaled-r8qtt9fpukcmuyo0n310g13isx2651zyvkqfury800.jpg\" title=\"DSCF9238\" alt=\"DSCF9238\" loading=\"lazy\" \/>\t\t\t\t\t\t\t\t\t\t\t\t\t\t\t<\/div>\n\t\t\t\t<\/div>\n\t\t\t\t<\/div>\n\t\t\t\t\t<\/div>\n\t\t\t\t<\/div>\n\t\t<div class=\"elementor-element elementor-element-c7c42bb e-flex e-con-boxed e-con e-parent\" data-id=\"c7c42bb\" data-element_type=\"container\">\n\t\t\t\t\t<div class=\"e-con-inner\">\n\t\t<div class=\"elementor-element elementor-element-ecd2855 e-con-full e-flex e-con e-child\" data-id=\"ecd2855\" data-element_type=\"container\">\n\t\t\t\t<div class=\"elementor-element elementor-element-66333a7 elementor-widget elementor-widget-text-editor\" data-id=\"66333a7\" data-element_type=\"widget\" data-widget_type=\"text-editor.default\">\n\t\t\t\t<div class=\"elementor-widget-container\">\n\t\t\t\t\t\t\t\t\t<p><strong>A contabilidade inteligente come\u00e7a digitalmente<\/strong><br \/>Trabalhamos com a Exact Online e outras solu\u00e7\u00f5es de software modernas, automatizando a sua administra\u00e7\u00e3o tanto quanto poss\u00edvel. Isto significa mais rapidez e uma vis\u00e3o instant\u00e2nea da sua situa\u00e7\u00e3o financeira.<\/p><p><strong>Pessoal e proactivo<\/strong><br \/>Na Kaminada, n\u00e3o recebe relat\u00f3rios padr\u00e3o que tem de procurar por si pr\u00f3prio. N\u00f3s detectamos tend\u00eancias, aconselhamos ativamente sobre oportunidades e riscos, e asseguramos que est\u00e1 sempre pronto para o pr\u00f3ximo passo.<\/p><p>Contabilidade do outro lado da fronteira? N\u00e3o h\u00e1 problema.<\/p>\t\t\t\t\t\t\t\t<\/div>\n\t\t\t\t<\/div>\n\t\t\t\t<\/div>\n\t\t<div class=\"elementor-element elementor-element-ac51830 e-con-full e-flex e-con e-child\" data-id=\"ac51830\" data-element_type=\"container\">\n\t\t\t\t<div class=\"elementor-element elementor-element-277ca04 elementor-widget elementor-widget-text-editor\" data-id=\"277ca04\" data-element_type=\"widget\" data-widget_type=\"text-editor.default\">\n\t\t\t\t<div class=\"elementor-widget-container\">\n\t\t\t\t\t\t\t\t\t<p>Quer opere apenas nos Pa\u00edses Baixos ou tamb\u00e9m a n\u00edvel internacional, asseguramos um ajuste perfeito entre os requisitos contabil\u00edsticos dos diferentes pa\u00edses. Atrav\u00e9s da nossa coopera\u00e7\u00e3o com a ARM Abogados, podemos tamb\u00e9m integrar perfeitamente as quest\u00f5es jur\u00eddicas e fiscais na sua gest\u00e3o.<\/p><p>A nossa for\u00e7a:<\/p><ul><li>Compet\u00eancias locais a n\u00edvel europeu<\/li><li>Acesso em tempo real aos seus dados financeiros<\/li><li>Conformidade total com os requisitos internacionais<\/li><li>Linhas curtas e contacto pessoal<\/li><\/ul>\t\t\t\t\t\t\t\t<\/div>\n\t\t\t\t<\/div>\n\t\t\t\t<\/div>\n\t\t\t\t\t<\/div>\n\t\t\t\t<\/div>\n\t\t<div class=\"elementor-element elementor-element-8e81701 e-flex e-con-boxed e-con e-parent\" data-id=\"8e81701\" data-element_type=\"container\">\n\t\t\t\t\t<div class=\"e-con-inner\">\n\t\t\t\t<div class=\"elementor-element elementor-element-758efa2 elementor-widget elementor-widget-spacer\" data-id=\"758efa2\" data-element_type=\"widget\" data-widget_type=\"spacer.default\">\n\t\t\t\t<div class=\"elementor-widget-container\">\n\t\t\t\t\t\t\t<div class=\"elementor-spacer\">\n\t\t\t<div class=\"elementor-spacer-inner\"><\/div>\n\t\t<\/div>\n\t\t\t\t\t\t<\/div>\n\t\t\t\t<\/div>\n\t\t\t\t\t<\/div>\n\t\t\t\t<\/div>\n\t\t<div class=\"elementor-element elementor-element-352cf70 e-con-full animated-slow e-flex elementor-invisible e-con e-parent\" data-id=\"352cf70\" data-element_type=\"container\" data-settings=\"{&quot;background_background&quot;:&quot;classic&quot;,&quot;animation&quot;:&quot;slideInLeft&quot;}\">\n\t\t<div class=\"elementor-element elementor-element-4dfef66 e-con-full e-flex e-con e-child\" data-id=\"4dfef66\" data-element_type=\"container\">\n\t\t\t\t<div class=\"elementor-element elementor-element-77c0dc1 elementor-button-align-stretch elementor-widget elementor-widget-form\" data-id=\"77c0dc1\" data-element_type=\"widget\" data-settings=\"{&quot;step_next_label&quot;:&quot;Volgende&quot;,&quot;step_previous_label&quot;:&quot;Vorige&quot;,&quot;button_width&quot;:&quot;100&quot;,&quot;step_type&quot;:&quot;number_text&quot;,&quot;step_icon_shape&quot;:&quot;circle&quot;}\" data-widget_type=\"form.default\">\n\t\t\t\t<div class=\"elementor-widget-container\">\n\t\t\t\t\t\t\t<form class=\"elementor-form\" method=\"post\" name=\"contactformulier\" action=\"\">\n\t\t\t<input type=\"hidden\" name=\"post_id\" value=\"306\"\/>\n\t\t\t<input type=\"hidden\" name=\"form_id\" value=\"77c0dc1\"\/>\n\t\t\t<input type=\"hidden\" name=\"referer_title\" value=\"Boekhouding\" \/>\n\n\t\t\t\t\t\t\t<input type=\"hidden\" name=\"queried_id\" value=\"306\"\/>\n\t\t\t\n\t\t\t<div class=\"elementor-form-fields-wrapper elementor-labels-\">\n\t\t\t\t\t\t\t\t<div class=\"elementor-field-type-text elementor-field-group elementor-column elementor-field-group-name elementor-col-100 elementor-field-required\">\n\t\t\t\t\t\t\t\t\t\t\t\t<label for=\"form-field-name\" class=\"elementor-field-label elementor-screen-only\">\n\t\t\t\t\t\t\t\tNome\t\t\t\t\t\t\t<\/label>\n\t\t\t\t\t\t\t\t\t\t\t\t\t\t<input size=\"1\" type=\"text\" name=\"form_fields[name]\" id=\"form-field-name\" class=\"elementor-field elementor-size-xs  elementor-field-textual\" placeholder=\"Nome\" required=\"required\">\n\t\t\t\t\t\t\t\t\t\t\t<\/div>\n\t\t\t\t\t\t\t\t<div class=\"elementor-field-type-email elementor-field-group elementor-column elementor-field-group-email elementor-col-100 elementor-field-required\">\n\t\t\t\t\t\t\t\t\t\t\t\t<label for=\"form-field-email\" class=\"elementor-field-label elementor-screen-only\">\n\t\t\t\t\t\t\t\tCorreio eletr\u00f3nico\t\t\t\t\t\t\t<\/label>\n\t\t\t\t\t\t\t\t\t\t\t\t\t\t<input size=\"1\" type=\"email\" name=\"form_fields[email]\" id=\"form-field-email\" class=\"elementor-field elementor-size-xs  elementor-field-textual\" placeholder=\"Correio eletr\u00f3nico\" required=\"required\">\n\t\t\t\t\t\t\t\t\t\t\t<\/div>\n\t\t\t\t\t\t\t\t<div class=\"elementor-field-type-tel elementor-field-group elementor-column elementor-field-group-field_9b06824 elementor-col-100\">\n\t\t\t\t\t\t\t\t\t\t\t\t<label for=\"form-field-field_9b06824\" class=\"elementor-field-label elementor-screen-only\">\n\t\t\t\t\t\t\t\tN\u00famero de telefone\t\t\t\t\t\t\t<\/label>\n\t\t\t\t\t\t\t\t<input size=\"1\" type=\"tel\" name=\"form_fields[field_9b06824]\" id=\"form-field-field_9b06824\" class=\"elementor-field elementor-size-xs  elementor-field-textual\" placeholder=\"N\u00famero de telefone\" pattern=\"[0-9()#&amp;+*-=.]+\" title=\"Only numbers and phone characters (#, -, *, etc) are accepted.\" data-no-translation-title=\"\">\n\n\t\t\t\t\t\t<\/div>\n\t\t\t\t\t\t\t\t<div class=\"elementor-field-type-acceptance elementor-field-group elementor-column elementor-field-group-field_1e8dab8 elementor-col-100 elementor-field-required\">\n\t\t\t\t\t\t\t\t\t\t\t\t<label for=\"form-field-field_1e8dab8\" class=\"elementor-field-label elementor-screen-only\">\n\t\t\t\t\t\t\t\tconcordo com os termos de privacidade\t\t\t\t\t\t\t<\/label>\n\t\t\t\t\t\t\t\t<div class=\"elementor-field-subgroup\">\n\t\t\t<span class=\"elementor-field-option\">\n\t\t\t\t<input type=\"checkbox\" name=\"form_fields[field_1e8dab8]\" id=\"form-field-field_1e8dab8\" class=\"elementor-field elementor-size-xs  elementor-acceptance-field\" required=\"required\">\n\t\t\t\t<label for=\"form-field-field_1e8dab8\">concordo com os termos de privacidade<\/label>\t\t\t<\/span>\n\t\t<\/div>\n\t\t\t\t\t\t<\/div>\n\t\t\t\t\t\t\t\t<div class=\"elementor-field-type-recaptcha_v3 elementor-field-group elementor-column elementor-field-group-field_d2809f7 elementor-col-100 recaptcha_v3-bottomright\">\n\t\t\t\t\t<div class=\"elementor-field\" id=\"form-field-field_d2809f7\"><div class=\"elementor-g-recaptcha\" data-sitekey=\"6LeqeQQsAAAAAFUyul9HJREuRlJ00oI5vr9Lzol8\" data-type=\"v3\" data-action=\"Form\" data-badge=\"bottomright\" data-size=\"invisible\"><\/div><\/div>\t\t\t\t<\/div>\n\t\t\t\t\t\t\t\t<div class=\"elementor-field-group elementor-column elementor-field-type-submit elementor-col-100 e-form__buttons\">\n\t\t\t\t\t<button class=\"elementor-button elementor-size-sm\" type=\"submit\">\n\t\t\t\t\t\t<span class=\"elementor-button-content-wrapper\">\n\t\t\t\t\t\t\t\t\t\t\t\t\t\t\t\t\t\t\t\t\t\t<span class=\"elementor-button-text\">Enviar<\/span>\n\t\t\t\t\t\t\t\t\t\t\t\t\t<\/span>\n\t\t\t\t\t<\/button>\n\t\t\t\t<\/div>\n\t\t\t<\/div>\n\t\t<input type=\"hidden\" name=\"trp-form-language\" value=\"pt\"\/><\/form>\n\t\t\t\t\t\t<\/div>\n\t\t\t\t<\/div>\n\t\t\t\t<\/div>\n\t\t<div class=\"elementor-element elementor-element-32f7181 e-con-full e-flex e-con e-child\" data-id=\"32f7181\" data-element_type=\"container\">\n\t\t\t\t<div class=\"elementor-element elementor-element-a2ffadc elementor-widget elementor-widget-heading\" data-id=\"a2ffadc\" data-element_type=\"widget\" data-widget_type=\"heading.default\">\n\t\t\t\t<div class=\"elementor-widget-container\">\n\t\t\t\t\t<h3 class=\"elementor-heading-title elementor-size-default\">Preparado para ter clareza, vis\u00e3o geral e crescimento? <br><br>\nKaminada \u00e9 o seu parceiro para contabilidade, consultoria fiscal, processamento de sal\u00e1rios, constitui\u00e7\u00e3o de empresas e recupera\u00e7\u00e3o de desafios financeiros. Somos sin\u00f3nimo de contacto pessoal, empenho e solu\u00e7\u00f5es pr\u00e1ticas.\n\n<br><br>Ligue-nos para uma apresenta\u00e7\u00e3o sem compromisso ou envie-nos uma mensagem atrav\u00e9s do formul\u00e1rio de contacto.\n\n<\/h3>\t\t\t\t<\/div>\n\t\t\t\t<\/div>\n\t\t\t\t<\/div>\n\t\t\t\t<\/div>\n\t\t\t\t<\/div>","protected":false},"excerpt":{"rendered":"<p>NL: +31 850 848 390 ES: +34 865 780 203 info@kaminada.nl Contabilidade Neg\u00f3cios despreocupados com uma contabilidade fi\u00e1vel Uma boa contabilidade \u00e9 a espinha dorsal de qualquer empresa de sucesso. N\u00e3o s\u00f3 para a declara\u00e7\u00e3o de impostos, mas tamb\u00e9m para a perce\u00e7\u00e3o, dire\u00e7\u00e3o e crescimento. Na Kaminada, asseguramos que as suas contas est\u00e3o sempre em ordem - precisas, claras [...]<\/p>","protected":false},"author":2,"featured_media":0,"parent":0,"menu_order":0,"comment_status":"closed","ping_status":"closed","template":"","meta":{"footnotes":""},"class_list":["post-306","page","type-page","status-publish","hentry"],"_links":{"self":[{"href":"https:\/\/kaminada.nl\/pt\/wp-json\/wp\/v2\/pages\/306","targetHints":{"allow":["GET"]}}],"collection":[{"href":"https:\/\/kaminada.nl\/pt\/wp-json\/wp\/v2\/pages"}],"about":[{"href":"https:\/\/kaminada.nl\/pt\/wp-json\/wp\/v2\/types\/page"}],"author":[{"embeddable":true,"href":"https:\/\/kaminada.nl\/pt\/wp-json\/wp\/v2\/users\/2"}],"replies":[{"embeddable":true,"href":"https:\/\/kaminada.nl\/pt\/wp-json\/wp\/v2\/comments?post=306"}],"version-history":[{"count":0,"href":"https:\/\/kaminada.nl\/pt\/wp-json\/wp\/v2\/pages\/306\/revisions"}],"wp:attachment":[{"href":"https:\/\/kaminada.nl\/pt\/wp-json\/wp\/v2\/media?parent=306"}],"curies":[{"name":"wp","href":"https:\/\/api.w.org\/{rel}","templated":true}]}}