{"id":243,"date":"2025-03-14T14:03:05","date_gmt":"2025-03-14T13:03:05","guid":{"rendered":"https:\/\/new.arm-abogados.com\/?page_id=243"},"modified":"2025-07-14T13:05:30","modified_gmt":"2025-07-14T11:05:30","slug":"termos-e-condicoes","status":"publish","type":"page","link":"https:\/\/kaminada.nl\/pt\/termos-e-condicoes\/","title":{"rendered":"Termos e condi\u00e7\u00f5es gerais"},"content":{"rendered":"<div data-elementor-type=\"wp-page\" data-elementor-id=\"243\" class=\"elementor elementor-243\" data-elementor-post-type=\"page\">\n\t\t\t\t<div class=\"elementor-element elementor-element-278ea83 e-con-full e-flex e-con e-parent\" data-id=\"278ea83\" data-element_type=\"container\" id=\"header_pop\" data-settings=\"{&quot;sticky&quot;:&quot;top&quot;,&quot;sticky_on&quot;:[&quot;desktop&quot;,&quot;tablet&quot;,&quot;mobile&quot;],&quot;sticky_offset&quot;:0,&quot;sticky_effects_offset&quot;:0,&quot;sticky_anchor_link_offset&quot;:0}\">\n\t\t<div class=\"elementor-element elementor-element-408683b3 e-flex e-con-boxed e-con e-child\" data-id=\"408683b3\" data-element_type=\"container\" data-settings=\"{&quot;background_background&quot;:&quot;classic&quot;}\">\n\t\t\t\t\t<div class=\"e-con-inner\">\n\t\t<div class=\"elementor-element elementor-element-5f38e855 elementor-hidden-mobile e-con-full e-flex e-con e-child\" data-id=\"5f38e855\" data-element_type=\"container\">\n\t\t\t\t<div class=\"elementor-element elementor-element-4f2c9678 elementor-icon-list--layout-inline elementor-align-left elementor-mobile-align-center elementor-list-item-link-full_width elementor-widget elementor-widget-icon-list\" data-id=\"4f2c9678\" data-element_type=\"widget\" data-widget_type=\"icon-list.default\">\n\t\t\t\t<div class=\"elementor-widget-container\">\n\t\t\t\t\t\t\t<ul class=\"elementor-icon-list-items elementor-inline-items\">\n\t\t\t\t\t\t\t<li class=\"elementor-icon-list-item elementor-inline-item\">\n\t\t\t\t\t\t\t\t\t\t\t<a href=\"tel:+31850848390\">\n\n\t\t\t\t\t\t\t\t\t\t\t\t<span class=\"elementor-icon-list-icon\">\n\t\t\t\t\t\t\t<svg aria-hidden=\"true\" class=\"e-font-icon-svg e-fas-phone\" viewbox=\"0 0 512 512\" xmlns=\"http:\/\/www.w3.org\/2000\/svg\"><path d=\"M493.4 24.6l-104-24c-11.3-2.6-22.9 3.3-27.5 13.9l-48 112c-4.2 9.8-1.4 21.3 6.9 28l60.6 49.6c-36 76.7-98.9 140.5-177.2 177.2l-49.6-60.6c-6.8-8.3-18.2-11.1-28-6.9l-112 48C3.9 366.5-2 378.1.6 389.4l24 104C27.1 504.2 36.7 512 48 512c256.1 0 464-207.5 464-464 0-11.2-7.7-20.9-18.6-23.4z\"><\/path><\/svg>\t\t\t\t\t\t<\/span>\n\t\t\t\t\t\t\t\t\t\t<span class=\"elementor-icon-list-text\">NL: +31 850 848 390<\/span>\n\t\t\t\t\t\t\t\t\t\t\t<\/a>\n\t\t\t\t\t\t\t\t\t<\/li>\n\t\t\t\t\t\t\t\t<li class=\"elementor-icon-list-item elementor-inline-item\">\n\t\t\t\t\t\t\t\t\t\t\t<a href=\"tel:+34865780203\">\n\n\t\t\t\t\t\t\t\t\t\t\t\t<span class=\"elementor-icon-list-icon\">\n\t\t\t\t\t\t\t<svg aria-hidden=\"true\" class=\"e-font-icon-svg e-fas-phone\" viewbox=\"0 0 512 512\" xmlns=\"http:\/\/www.w3.org\/2000\/svg\"><path d=\"M493.4 24.6l-104-24c-11.3-2.6-22.9 3.3-27.5 13.9l-48 112c-4.2 9.8-1.4 21.3 6.9 28l60.6 49.6c-36 76.7-98.9 140.5-177.2 177.2l-49.6-60.6c-6.8-8.3-18.2-11.1-28-6.9l-112 48C3.9 366.5-2 378.1.6 389.4l24 104C27.1 504.2 36.7 512 48 512c256.1 0 464-207.5 464-464 0-11.2-7.7-20.9-18.6-23.4z\"><\/path><\/svg>\t\t\t\t\t\t<\/span>\n\t\t\t\t\t\t\t\t\t\t<span class=\"elementor-icon-list-text\">ES: +34 865 780 203<\/span>\n\t\t\t\t\t\t\t\t\t\t\t<\/a>\n\t\t\t\t\t\t\t\t\t<\/li>\n\t\t\t\t\t\t\t\t<li class=\"elementor-icon-list-item elementor-inline-item\">\n\t\t\t\t\t\t\t\t\t\t\t<a href=\"#contactfooter\">\n\n\t\t\t\t\t\t\t\t\t\t\t\t<span class=\"elementor-icon-list-icon\">\n\t\t\t\t\t\t\t<svg aria-hidden=\"true\" class=\"e-font-icon-svg e-fas-envelope\" viewbox=\"0 0 512 512\" xmlns=\"http:\/\/www.w3.org\/2000\/svg\"><path d=\"M502.3 190.8c3.9-3.1 9.7-.2 9.7 4.7V400c0 26.5-21.5 48-48 48H48c-26.5 0-48-21.5-48-48V195.6c0-5 5.7-7.8 9.7-4.7 22.4 17.4 52.1 39.5 154.1 113.6 21.1 15.4 56.7 47.8 92.2 47.6 35.7.3 72-32.8 92.3-47.6 102-74.1 131.6-96.3 154-113.7zM256 320c23.2.4 56.6-29.2 73.4-41.4 132.7-96.3 142.8-104.7 173.4-128.7 5.8-4.5 9.2-11.5 9.2-18.9v-19c0-26.5-21.5-48-48-48H48C21.5 64 0 85.5 0 112v19c0 7.4 3.4 14.3 9.2 18.9 30.6 23.9 40.7 32.4 173.4 128.7 16.8 12.2 50.2 41.8 73.4 41.4z\"><\/path><\/svg>\t\t\t\t\t\t<\/span>\n\t\t\t\t\t\t\t\t\t\t<span class=\"elementor-icon-list-text\">info@kaminada.nl<\/span>\n\t\t\t\t\t\t\t\t\t\t\t<\/a>\n\t\t\t\t\t\t\t\t\t<\/li>\n\t\t\t\t\t\t<\/ul>\n\t\t\t\t\t\t<\/div>\n\t\t\t\t<\/div>\n\t\t\t\t<\/div>\n\t\t\t\t\t<\/div>\n\t\t\t\t<\/div>\n\t\t<div class=\"elementor-element elementor-element-592da823 e-flex e-con-boxed e-con e-child\" data-id=\"592da823\" data-element_type=\"container\" data-settings=\"{&quot;background_background&quot;:&quot;classic&quot;}\">\n\t\t\t\t\t<div class=\"e-con-inner\">\n\t\t\t\t<div class=\"elementor-element elementor-element-294a74c8 elementor-widget-tablet__width-initial e-transform elementor-widget elementor-widget-image\" data-id=\"294a74c8\" data-element_type=\"widget\" data-settings=\"{&quot;_transform_scale_effect_tablet&quot;:{&quot;unit&quot;:&quot;px&quot;,&quot;size&quot;:2,&quot;sizes&quot;:[]},&quot;_transform_scale_effect&quot;:{&quot;unit&quot;:&quot;px&quot;,&quot;size&quot;:&quot;&quot;,&quot;sizes&quot;:[]},&quot;_transform_scale_effect_mobile&quot;:{&quot;unit&quot;:&quot;px&quot;,&quot;size&quot;:&quot;&quot;,&quot;sizes&quot;:[]}}\" data-widget_type=\"image.default\">\n\t\t\t\t<div class=\"elementor-widget-container\">\n\t\t\t\t\t\t\t\t\t\t\t\t\t\t\t\t<a href=\"https:\/\/kaminada.nl\/pt\">\n\t\t\t\t\t\t\t<img decoding=\"async\" width=\"300\" height=\"98\" src=\"https:\/\/kaminada.nl\/wp-content\/uploads\/2025\/06\/Kaminada_legalaccounting_-logo_rgb-300x98.png\" class=\"attachment-medium size-medium wp-image-1550\" alt=\"\" srcset=\"https:\/\/kaminada.nl\/wp-content\/uploads\/2025\/06\/Kaminada_legalaccounting_-logo_rgb-300x98.png 300w, https:\/\/kaminada.nl\/wp-content\/uploads\/2025\/06\/Kaminada_legalaccounting_-logo_rgb.png 598w\" sizes=\"(max-width: 300px) 100vw, 300px\" \/>\t\t\t\t\t\t\t\t<\/a>\n\t\t\t\t\t\t\t\t\t\t\t\t\t\t\t<\/div>\n\t\t\t\t<\/div>\n\t\t\t\t\t<\/div>\n\t\t\t\t<\/div>\n\t\t\t\t<\/div>\n\t\t<div class=\"elementor-element elementor-element-7fd14cc e-flex e-con-boxed e-con e-parent\" data-id=\"7fd14cc\" data-element_type=\"container\" data-settings=\"{&quot;background_background&quot;:&quot;classic&quot;}\">\n\t\t\t\t\t<div class=\"e-con-inner\">\n\t\t\t\t<div class=\"elementor-element elementor-element-351c239 elementor-widget elementor-widget-heading\" data-id=\"351c239\" data-element_type=\"widget\" data-widget_type=\"heading.default\">\n\t\t\t\t<div class=\"elementor-widget-container\">\n\t\t\t\t\t<h2 class=\"elementor-heading-title elementor-size-default\">Termos e condi\u00e7\u00f5es gerais<\/h2>\t\t\t\t<\/div>\n\t\t\t\t<\/div>\n\t\t\t\t\t<\/div>\n\t\t\t\t<\/div>\n\t\t<div class=\"elementor-element elementor-element-235e2bc e-flex e-con-boxed e-con e-parent\" data-id=\"235e2bc\" data-element_type=\"container\" data-settings=\"{&quot;background_background&quot;:&quot;classic&quot;}\">\n\t\t\t\t\t<div class=\"e-con-inner\">\n\t\t\t\t<div class=\"elementor-element elementor-element-823a811 elementor-widget elementor-widget-text-editor\" data-id=\"823a811\" data-element_type=\"widget\" data-widget_type=\"text-editor.default\">\n\t\t\t\t<div class=\"elementor-widget-container\">\n\t\t\t\t\t\t\t\t\t<p><strong>Bem-vindo a Kaminada.<\/strong> Os presentes Termos e Condi\u00e7\u00f5es aplicam-se \u00e0 utiliza\u00e7\u00e3o do nosso s\u00edtio Web <a href=\"https:\/\/kaminada.nl\/pt\/\">www.kaminada.nl<\/a> bem como sobre os servi\u00e7os de consultoria fiscal e jur\u00eddica que oferecemos em Espanha, Portugal e nos Pa\u00edses Baixos.<\/p><p>Ao aceder ou utilizar o nosso s\u00edtio Web, o utilizador concorda plenamente com os presentes termos e condi\u00e7\u00f5es. Se n\u00e3o concordar, n\u00e3o utilize os nossos servi\u00e7os.<\/p><p>Estes Termos e Condi\u00e7\u00f5es aplicam-se a todos os servi\u00e7os profissionais prestados pela Kaminada e ARM Abogados e complementam quaisquer acordos espec\u00edficos entre a Kaminada, ARM Abogados e o Cliente. Em caso de contradi\u00e7\u00e3o, prevalece o acordo espec\u00edfico.<\/p><p><strong>Defini\u00e7\u00f5es<\/strong><\/p><p>Para efeitos do presente documento, aplicam-se as seguintes defini\u00e7\u00f5es:<\/p><p>(i) \"Kaminada\":<\/p><ul><li>\"Kaminada Fiscal Y Contable S.L.\", com sede em Ctr. del Cap de la Nau 135, 03730 J\u00e1vea, Espanha, registada sob o CIF B70931993;<\/li><li>\"Kaminada B.V.\", situada em Dr. Lelykade 44K, 2583CM Haia, Pa\u00edses Baixos, registada na C\u00e2mara de Com\u00e9rcio com o n\u00famero 88043479;<\/li><li>\"Kaminada Gest\u00e3o e Fiscalidade Unipessoal LDA\", com sede na Avenida Conde de Oeiras 13\u00aa, 2720-125 Amadora, Portugal, registada sob o NIF PT518205282.<\/li><\/ul><p>(ii) \"Kaminada\" tamb\u00e9m inclui a equipa profissional das entidades acima mencionadas e as suas filiais.<\/p><p>(iii) \"ARM Abogados\":<\/p><ul><li>\"ARM &amp; Asociados Abogados Y Asesores S.L.\", com sede em Ctr. del Cap de la Nau 135, 03730 J\u00e1vea, Espanha, CIF B72474562;<\/li><li>\"ARM Advocaten CV\", com sede em Dr Lelykade 44K, 2583CM Haia, Pa\u00edses Baixos.<\/li><\/ul><p>(iv) \"Cliente\": o destinat\u00e1rio previsto de um contrato de presta\u00e7\u00e3o de servi\u00e7os.<\/p><p>(v) \"Servi\u00e7os\": os servi\u00e7os profissionais tal como definidos no contrato de compromisso.<\/p><p>\u00a0<\/p><p><strong>Objetivo e \u00e2mbito de aplica\u00e7\u00e3o<\/strong><\/p><p>O s\u00edtio Web tem por objetivo fornecer informa\u00e7\u00f5es gerais sobre os servi\u00e7os jur\u00eddicos e fiscais de Kaminada e ARM Abogados. Estes incluem:<\/p><ul><li>Planeamento e conformidade fiscal para pessoas singulares e empresas<\/li><li>Constitui\u00e7\u00e3o de empresas e contabilidade<\/li><li>Balan\u00e7os financeiros e folhas de pagamento<\/li><li>Aconselhamento jur\u00eddico e representa\u00e7\u00e3o em lit\u00edgios<\/li><\/ul><p>As presentes condi\u00e7\u00f5es aplicam-se a todos os utilizadores do s\u00edtio Web, quer adquiram ou n\u00e3o um servi\u00e7o. Ao utilizar o s\u00edtio Web, o utilizador confirma ter lido, compreendido e aceite as presentes condi\u00e7\u00f5es.<\/p><p>Reservamo-nos o direito de alterar estes termos e condi\u00e7\u00f5es em qualquer altura. A utiliza\u00e7\u00e3o continuada do s\u00edtio Web implica a aceita\u00e7\u00e3o das condi\u00e7\u00f5es alteradas. O Cliente deve consultar regularmente as presentes condi\u00e7\u00f5es gerais. Se o Cliente n\u00e3o concordar com as presentes condi\u00e7\u00f5es gerais, deve interromper a utiliza\u00e7\u00e3o do s\u00edtio Web.<\/p><p>\u00a0<\/p><p><strong>Responsabilidade civil e seguros<\/strong><\/p><p>A informa\u00e7\u00e3o no website n\u00e3o pretende ser um aconselhamento legal ou fiscal e n\u00e3o deve ser tomada como tal. A Kaminada n\u00e3o \u00e9 respons\u00e1vel por ac\u00e7\u00f5es baseadas no conte\u00fado do website sem aconselhamento profissional pr\u00e9vio.<\/p><p>A Kaminada n\u00e3o ser\u00e1 respons\u00e1vel por danos indirectos, especiais ou consequentes resultantes da utiliza\u00e7\u00e3o do website, incluindo perda de lucros, perda de dados ou reclama\u00e7\u00f5es de terceiros.<\/p><p>N\u00e3o assumimos qualquer responsabilidade por informa\u00e7\u00f5es incorrectas ou incompletas que nos sejam fornecidas pelo Cliente. Nem por danos resultantes da falta de fornecimento de dados essenciais para a execu\u00e7\u00e3o da encomenda.<\/p><p>O Cliente indemnizar\u00e1 a Kaminada, a ARM Abogados, os seus empregados e representantes contra todas as reclama\u00e7\u00f5es, custos, danos e despesas resultantes das instru\u00e7\u00f5es do Cliente ou da viola\u00e7\u00e3o das leis e regulamentos aplic\u00e1veis.<\/p><p>A Kaminada deve providenciar um seguro de responsabilidade profissional adequado, com uma cobertura m\u00ednima de [X], contratado com [x]. A prova de seguro pode ser fornecida mediante solicita\u00e7\u00e3o. A presen\u00e7a do seguro n\u00e3o limita a responsabilidade do cliente.<\/p><p>\u00a0<\/p><p><strong>Obriga\u00e7\u00e3o de pagamento e consequ\u00eancias do n\u00e3o pagamento<\/strong><\/p><p>As facturas da Kaminada e\/ou ARM Abogados devem ser pagas no prazo de 7 dias \u00fateis a partir da data da fatura, de acordo com a legisla\u00e7\u00e3o em Espanha, Pa\u00edses Baixos, Portugal e a Diretiva 2011\/7\/UE sobre a luta contra os atrasos de pagamento.<\/p><p>Se este prazo for ultrapassado, o Cliente fica automaticamente em situa\u00e7\u00e3o de incumprimento, sem necessidade de aviso pr\u00e9vio. Neste caso, o Cliente \u00e9 devedor de juros de acordo com a legisla\u00e7\u00e3o aplic\u00e1vel, bem como de despesas de cobran\u00e7a razo\u00e1veis.<\/p><p>Em caso de n\u00e3o pagamento repetido, a Kaminada e\/ou a ARM Abogados reservam-se o direito de suspender ou terminar os servi\u00e7os, sem preju\u00edzo do direito ao pagamento dos servi\u00e7os j\u00e1 prestados e dos custos incorridos.<\/p><p>\u00a0<\/p><p><strong>Prote\u00e7\u00e3o de dados<\/strong><\/p><p>A Kaminada cumpre o Regulamento Geral de Prote\u00e7\u00e3o de Dados (RGPD) e a legisla\u00e7\u00e3o nacional relacionada, como a LOPDGDD espanhola. Os dados pessoais dos clientes s\u00e3o armazenados de forma segura e partilhados com ARM Abogados apenas na medida do necess\u00e1rio para a execu\u00e7\u00e3o do contrato.<\/p><p>Embora tomemos medidas de seguran\u00e7a adequadas, n\u00e3o podemos garantir totalmente a seguran\u00e7a da transmiss\u00e3o de dados atrav\u00e9s da Internet. Os clientes est\u00e3o cientes e aceitam este risco.<\/p><p>Para mais informa\u00e7\u00f5es, consulte a nossa Declara\u00e7\u00e3o de privacidade.<\/p><p>\u00a0<\/p><p><strong>Confidencialidade<\/strong><\/p><p>Todos os empregados de ou em nome da Kaminada est\u00e3o vinculados por um dever de confidencialidade. Todas as comunica\u00e7\u00f5es, conselhos e documentos s\u00e3o fornecidos sob a condi\u00e7\u00e3o expressa de confidencialidade.<\/p><p>A ARM Abogados est\u00e1 igualmente vinculada legal e profissionalmente \u00e0 confidencialidade das informa\u00e7\u00f5es fornecidas pelo Cliente.<\/p><p>\u00a0<\/p><p><strong>Lei de Preven\u00e7\u00e3o do Branqueamento de Capitais e do Financiamento do Terrorismo<\/strong><\/p><p>Kaminada e ARM Abogados cumprem as obriga\u00e7\u00f5es da Lei 10\/2010 sobre a preven\u00e7\u00e3o do branqueamento de capitais e do financiamento do terrorismo. O Cliente deve cooperar com as obriga\u00e7\u00f5es de identifica\u00e7\u00e3o e responder a perguntas adicionais quando necess\u00e1rio.<\/p><p>Em caso de suspeita de branqueamento de capitais ou financiamento do terrorismo, Kaminada pode ser obrigado a informar a Ordem dos Advogados espanhola e \/ ou SEPBLAC. Em caso de coopera\u00e7\u00e3o insuficiente, Kaminada tem o direito de terminar o servi\u00e7o, sem preju\u00edzo do direito a indemniza\u00e7\u00e3o por servi\u00e7os e custos j\u00e1 prestados.<\/p><p>\u00a0<\/p><p><strong>Direito aplic\u00e1vel e resolu\u00e7\u00e3o de lit\u00edgios<\/strong><\/p><p>A utiliza\u00e7\u00e3o do s\u00edtio Web, dos seus conte\u00fados e dos servi\u00e7os prestados rege-se pela legisla\u00e7\u00e3o espanhola.<\/p><p>Os eventuais lit\u00edgios ser\u00e3o resolvidos, em primeira inst\u00e2ncia, por arbitragem vinculativa administrada pela Ordem dos Advogados de Elche. Em segunda inst\u00e2ncia, poder\u00e3o ser utilizados os tribunais espanh\u00f3is.<\/p><p>\u00a0<\/p><p><strong>Nulidade<\/strong><\/p><p>Se qualquer disposi\u00e7\u00e3o das presentes condi\u00e7\u00f5es for considerada inv\u00e1lida ou n\u00e3o aplic\u00e1vel, as restantes disposi\u00e7\u00f5es manter-se-\u00e3o em pleno vigor e efeito.<\/p><p>A aus\u00eancia de um acordo formal por escrito n\u00e3o impedir\u00e1 a execu\u00e7\u00e3o do pagamento; nesse caso, o conte\u00fado da confirma\u00e7\u00e3o da encomenda da Kaminada ser\u00e1 decisivo.<\/p>\t\t\t\t\t\t\t\t<\/div>\n\t\t\t\t<\/div>\n\t\t\t\t\t<\/div>\n\t\t\t\t<\/div>\n\t\t\t\t<\/div>","protected":false},"excerpt":{"rendered":"<p>NL: +31 850 848 390 ES: +34 865 780 203 info@kaminada.nl Algemene voorwaarden Welkom bij Kaminada. Deze Algemene Voorwaarden zijn van toepassing op het gebruik van onze website www.kaminada.nl alsmede op de fiscale en juridische adviesdiensten die wij aanbieden in Spanje, Portugal en Nederland. Door toegang te verkrijgen tot of gebruik te maken van onze [&hellip;]<\/p>","protected":false},"author":2,"featured_media":0,"parent":0,"menu_order":0,"comment_status":"closed","ping_status":"closed","template":"","meta":{"footnotes":""},"class_list":["post-243","page","type-page","status-publish","hentry"],"_links":{"self":[{"href":"https:\/\/kaminada.nl\/pt\/wp-json\/wp\/v2\/pages\/243","targetHints":{"allow":["GET"]}}],"collection":[{"href":"https:\/\/kaminada.nl\/pt\/wp-json\/wp\/v2\/pages"}],"about":[{"href":"https:\/\/kaminada.nl\/pt\/wp-json\/wp\/v2\/types\/page"}],"author":[{"embeddable":true,"href":"https:\/\/kaminada.nl\/pt\/wp-json\/wp\/v2\/users\/2"}],"replies":[{"embeddable":true,"href":"https:\/\/kaminada.nl\/pt\/wp-json\/wp\/v2\/comments?post=243"}],"version-history":[{"count":0,"href":"https:\/\/kaminada.nl\/pt\/wp-json\/wp\/v2\/pages\/243\/revisions"}],"wp:attachment":[{"href":"https:\/\/kaminada.nl\/pt\/wp-json\/wp\/v2\/media?parent=243"}],"curies":[{"name":"wp","href":"https:\/\/api.w.org\/{rel}","templated":true}]}}