{"id":1100,"date":"2025-03-05T10:56:18","date_gmt":"2025-03-05T10:56:18","guid":{"rendered":"https:\/\/arm-abogados.com\/?page_id=3"},"modified":"2025-07-14T13:11:51","modified_gmt":"2025-07-14T11:11:51","slug":"termos-de-privacidade","status":"publish","type":"page","link":"https:\/\/kaminada.nl\/pt\/termos-de-privacidade\/","title":{"rendered":"Termos de privacidade"},"content":{"rendered":"<div data-elementor-type=\"wp-page\" data-elementor-id=\"1100\" class=\"elementor elementor-1100\" data-elementor-post-type=\"page\">\n\t\t\t\t<div class=\"elementor-element elementor-element-64b0996f e-con-full e-flex e-con e-parent\" data-id=\"64b0996f\" data-element_type=\"container\" id=\"header_pop\" data-settings=\"{&quot;sticky&quot;:&quot;top&quot;,&quot;sticky_on&quot;:[&quot;desktop&quot;,&quot;tablet&quot;,&quot;mobile&quot;],&quot;sticky_offset&quot;:0,&quot;sticky_effects_offset&quot;:0,&quot;sticky_anchor_link_offset&quot;:0}\">\n\t\t<div class=\"elementor-element elementor-element-97c8271 e-flex e-con-boxed e-con e-child\" data-id=\"97c8271\" data-element_type=\"container\" data-settings=\"{&quot;background_background&quot;:&quot;classic&quot;}\">\n\t\t\t\t\t<div class=\"e-con-inner\">\n\t\t<div class=\"elementor-element elementor-element-20ec30d6 elementor-hidden-mobile e-con-full e-flex e-con e-child\" data-id=\"20ec30d6\" data-element_type=\"container\">\n\t\t\t\t<div class=\"elementor-element elementor-element-56900a9e elementor-icon-list--layout-inline elementor-align-left elementor-mobile-align-center elementor-list-item-link-full_width elementor-widget elementor-widget-icon-list\" data-id=\"56900a9e\" data-element_type=\"widget\" data-widget_type=\"icon-list.default\">\n\t\t\t\t<div class=\"elementor-widget-container\">\n\t\t\t\t\t\t\t<ul class=\"elementor-icon-list-items elementor-inline-items\">\n\t\t\t\t\t\t\t<li class=\"elementor-icon-list-item elementor-inline-item\">\n\t\t\t\t\t\t\t\t\t\t\t<a href=\"tel:+31850848390\">\n\n\t\t\t\t\t\t\t\t\t\t\t\t<span class=\"elementor-icon-list-icon\">\n\t\t\t\t\t\t\t<svg aria-hidden=\"true\" class=\"e-font-icon-svg e-fas-phone\" viewbox=\"0 0 512 512\" xmlns=\"http:\/\/www.w3.org\/2000\/svg\"><path d=\"M493.4 24.6l-104-24c-11.3-2.6-22.9 3.3-27.5 13.9l-48 112c-4.2 9.8-1.4 21.3 6.9 28l60.6 49.6c-36 76.7-98.9 140.5-177.2 177.2l-49.6-60.6c-6.8-8.3-18.2-11.1-28-6.9l-112 48C3.9 366.5-2 378.1.6 389.4l24 104C27.1 504.2 36.7 512 48 512c256.1 0 464-207.5 464-464 0-11.2-7.7-20.9-18.6-23.4z\"><\/path><\/svg>\t\t\t\t\t\t<\/span>\n\t\t\t\t\t\t\t\t\t\t<span class=\"elementor-icon-list-text\">NL: +31 850 848 390<\/span>\n\t\t\t\t\t\t\t\t\t\t\t<\/a>\n\t\t\t\t\t\t\t\t\t<\/li>\n\t\t\t\t\t\t\t\t<li class=\"elementor-icon-list-item elementor-inline-item\">\n\t\t\t\t\t\t\t\t\t\t\t<a href=\"tel:+34865780203\">\n\n\t\t\t\t\t\t\t\t\t\t\t\t<span class=\"elementor-icon-list-icon\">\n\t\t\t\t\t\t\t<svg aria-hidden=\"true\" class=\"e-font-icon-svg e-fas-phone\" viewbox=\"0 0 512 512\" xmlns=\"http:\/\/www.w3.org\/2000\/svg\"><path d=\"M493.4 24.6l-104-24c-11.3-2.6-22.9 3.3-27.5 13.9l-48 112c-4.2 9.8-1.4 21.3 6.9 28l60.6 49.6c-36 76.7-98.9 140.5-177.2 177.2l-49.6-60.6c-6.8-8.3-18.2-11.1-28-6.9l-112 48C3.9 366.5-2 378.1.6 389.4l24 104C27.1 504.2 36.7 512 48 512c256.1 0 464-207.5 464-464 0-11.2-7.7-20.9-18.6-23.4z\"><\/path><\/svg>\t\t\t\t\t\t<\/span>\n\t\t\t\t\t\t\t\t\t\t<span class=\"elementor-icon-list-text\">ES: +34 865 780 203<\/span>\n\t\t\t\t\t\t\t\t\t\t\t<\/a>\n\t\t\t\t\t\t\t\t\t<\/li>\n\t\t\t\t\t\t\t\t<li class=\"elementor-icon-list-item elementor-inline-item\">\n\t\t\t\t\t\t\t\t\t\t\t<a href=\"#contactfooter\">\n\n\t\t\t\t\t\t\t\t\t\t\t\t<span class=\"elementor-icon-list-icon\">\n\t\t\t\t\t\t\t<svg aria-hidden=\"true\" class=\"e-font-icon-svg e-fas-envelope\" viewbox=\"0 0 512 512\" xmlns=\"http:\/\/www.w3.org\/2000\/svg\"><path d=\"M502.3 190.8c3.9-3.1 9.7-.2 9.7 4.7V400c0 26.5-21.5 48-48 48H48c-26.5 0-48-21.5-48-48V195.6c0-5 5.7-7.8 9.7-4.7 22.4 17.4 52.1 39.5 154.1 113.6 21.1 15.4 56.7 47.8 92.2 47.6 35.7.3 72-32.8 92.3-47.6 102-74.1 131.6-96.3 154-113.7zM256 320c23.2.4 56.6-29.2 73.4-41.4 132.7-96.3 142.8-104.7 173.4-128.7 5.8-4.5 9.2-11.5 9.2-18.9v-19c0-26.5-21.5-48-48-48H48C21.5 64 0 85.5 0 112v19c0 7.4 3.4 14.3 9.2 18.9 30.6 23.9 40.7 32.4 173.4 128.7 16.8 12.2 50.2 41.8 73.4 41.4z\"><\/path><\/svg>\t\t\t\t\t\t<\/span>\n\t\t\t\t\t\t\t\t\t\t<span class=\"elementor-icon-list-text\">info@kaminada.nl<\/span>\n\t\t\t\t\t\t\t\t\t\t\t<\/a>\n\t\t\t\t\t\t\t\t\t<\/li>\n\t\t\t\t\t\t<\/ul>\n\t\t\t\t\t\t<\/div>\n\t\t\t\t<\/div>\n\t\t\t\t<\/div>\n\t\t\t\t\t<\/div>\n\t\t\t\t<\/div>\n\t\t<div class=\"elementor-element elementor-element-1441c743 e-flex e-con-boxed e-con e-child\" data-id=\"1441c743\" data-element_type=\"container\" data-settings=\"{&quot;background_background&quot;:&quot;classic&quot;}\">\n\t\t\t\t\t<div class=\"e-con-inner\">\n\t\t\t\t<div class=\"elementor-element elementor-element-2412055c elementor-widget-tablet__width-initial e-transform elementor-widget elementor-widget-image\" data-id=\"2412055c\" data-element_type=\"widget\" data-settings=\"{&quot;_transform_scale_effect_tablet&quot;:{&quot;unit&quot;:&quot;px&quot;,&quot;size&quot;:2,&quot;sizes&quot;:[]},&quot;_transform_scale_effect&quot;:{&quot;unit&quot;:&quot;px&quot;,&quot;size&quot;:&quot;&quot;,&quot;sizes&quot;:[]},&quot;_transform_scale_effect_mobile&quot;:{&quot;unit&quot;:&quot;px&quot;,&quot;size&quot;:&quot;&quot;,&quot;sizes&quot;:[]}}\" data-widget_type=\"image.default\">\n\t\t\t\t<div class=\"elementor-widget-container\">\n\t\t\t\t\t\t\t\t\t\t\t\t\t\t\t\t<a href=\"https:\/\/kaminada.nl\/pt\">\n\t\t\t\t\t\t\t<img decoding=\"async\" width=\"300\" height=\"98\" src=\"https:\/\/kaminada.nl\/wp-content\/uploads\/2025\/06\/Kaminada_legalaccounting_-logo_rgb-300x98.png\" class=\"attachment-medium size-medium wp-image-1550\" alt=\"\" srcset=\"https:\/\/kaminada.nl\/wp-content\/uploads\/2025\/06\/Kaminada_legalaccounting_-logo_rgb-300x98.png 300w, https:\/\/kaminada.nl\/wp-content\/uploads\/2025\/06\/Kaminada_legalaccounting_-logo_rgb.png 598w\" sizes=\"(max-width: 300px) 100vw, 300px\" \/>\t\t\t\t\t\t\t\t<\/a>\n\t\t\t\t\t\t\t\t\t\t\t\t\t\t\t<\/div>\n\t\t\t\t<\/div>\n\t\t\t\t\t<\/div>\n\t\t\t\t<\/div>\n\t\t\t\t<\/div>\n\t\t<div class=\"elementor-element elementor-element-453da479 e-flex e-con-boxed e-con e-parent\" data-id=\"453da479\" data-element_type=\"container\">\n\t\t\t\t\t<div class=\"e-con-inner\">\n\t\t\t\t\t<\/div>\n\t\t\t\t<\/div>\n\t\t<div class=\"elementor-element elementor-element-21693a3 e-flex e-con-boxed e-con e-parent\" data-id=\"21693a3\" data-element_type=\"container\">\n\t\t\t\t\t<div class=\"e-con-inner\">\n\t\t\t\t<div class=\"elementor-element elementor-element-de2f305 elementor-widget elementor-widget-text-editor\" data-id=\"de2f305\" data-element_type=\"widget\" data-widget_type=\"text-editor.default\">\n\t\t\t\t<div class=\"elementor-widget-container\">\n\t\t\t\t\t\t\t\t\t<p><strong>Declara\u00e7\u00e3o de privacidade<\/strong><\/p>\n<p>A Kaminada e a ARM Abogados atribuem grande import\u00e2ncia \u00e0 prote\u00e7\u00e3o dos seus dados pessoais e esfor\u00e7am-se por obter total transpar\u00eancia sobre a forma como estes dados s\u00e3o tratados, em conformidade com o Regulamento (UE) 2016\/679 (AVG\/GDPR), a Lei Org\u00e2nica Espanhola 3\/2018 (LOPDGDD), a AVG holandesa e a Lei Portuguesa n.\u00ba 58\/2019.<\/p>\n<p>Esta declara\u00e7\u00e3o de privacidade explica como recolhemos, utilizamos, partilhamos e protegemos os dados pessoais quando utiliza os nossos servi\u00e7os ou visita o nosso s\u00edtio Web.<\/p>\n<p>\u00a0<\/p>\n<p><strong>Controlador<\/strong><\/p>\n<p>Dependendo da sua rela\u00e7\u00e3o connosco e da sua localiza\u00e7\u00e3o, \u00e9 o respons\u00e1vel pelo tratamento:<\/p>\n<ul>\n<li>Kaminada B.V. (Pa\u00edses Baixos)<\/li>\n<li>Kaminada Fiscal y Contable S.L. (Espanha)<\/li>\n<li>Kaminada Gest\u00e3o e Fiscalidade Unipessoal LDA (Portugal)<\/li>\n<li>ARM &amp; Asociados Abogados Y Asesores S.L. (Espanha)<\/li>\n<li>ARM Advocaten C.V. (Pa\u00edses Baixos)<\/li>\n<\/ul>\n<p>Estas entidades, coletivamente designadas por \"Kaminada\" e \"ARM Abogados\", determinam as finalidades e os meios de tratamento dos seus dados pessoais.<\/p>\n<p>\u00a0<\/p>\n<p><strong>Categorias de dados pessoais<\/strong><\/p>\n<p>Dependendo do servi\u00e7o que prestamos, podemos processar as seguintes categorias de dados:<\/p>\n<ul>\n<li>Dados de identifica\u00e7\u00e3o: nome, data de nascimento, sexo, nome da empresa, endere\u00e7o<\/li>\n<li>Dados de contacto: endere\u00e7o eletr\u00f3nico, n\u00famero de telefone<\/li>\n<li>Dados financeiros: n\u00famero da conta banc\u00e1ria, informa\u00e7\u00f5es de pagamento<\/li>\n<li>Dados de identifica\u00e7\u00e3o fiscal e legal: BSN, n\u00famero de identifica\u00e7\u00e3o fiscal, BI nacional<\/li>\n<li>Outros dados fornecidos voluntariamente pelo utilizador no \u00e2mbito do servi\u00e7o<\/li>\n<\/ul>\n<p><strong>Categorias especiais de dados pessoais<\/strong> s\u00f3 se justificarem nos termos do n.\u00ba 2 do artigo 9.\u00ba da AVG, por exemplo:<\/p>\n<ul>\n<li>Obriga\u00e7\u00e3o legal (por exemplo, declara\u00e7\u00e3o de impostos, administra\u00e7\u00e3o de pessoal)<\/li>\n<li>Necessidade de execu\u00e7\u00e3o de um contrato (por exemplo, constitui\u00e7\u00e3o de uma sociedade, assist\u00eancia jur\u00eddica)<\/li>\n<li>O seu consentimento expresso (se n\u00e3o se aplicar outra base jur\u00eddica)<\/li>\n<li>Processos judiciais<\/li>\n<li>Interesses leg\u00edtimos (por exemplo, preven\u00e7\u00e3o da fraude, verifica\u00e7\u00e3o da identidade), desde que os seus direitos fundamentais n\u00e3o sejam violados<\/li>\n<\/ul>\n<p>\u00a0<\/p>\n<p><strong>Finalidades e bases jur\u00eddicas do tratamento<\/strong><\/p>\n<p>Os seus dados pessoais s\u00f3 ser\u00e3o processados se existir uma base legal v\u00e1lida para o fazer e apenas para fins espec\u00edficos, incluindo:<\/p>\n<ul>\n<li>A execu\u00e7\u00e3o de um acordo ou de medidas preparat\u00f3rias<\/li>\n<li>Cumprir as obriga\u00e7\u00f5es legais (por exemplo, legisla\u00e7\u00e3o fiscal e de combate ao branqueamento de capitais)<\/li>\n<li>Representar interesses leg\u00edtimos (por exemplo, seguran\u00e7a do sistema, preven\u00e7\u00e3o de fraudes)<\/li>\n<li>O seu consentimento expl\u00edcito, se necess\u00e1rio<\/li>\n<\/ul>\n<p>N\u00e3o utilizamos decis\u00f5es automatizadas ou defini\u00e7\u00e3o de perfis com consequ\u00eancias legais ou similares sem interven\u00e7\u00e3o humana.<\/p>\n<p>\u00a0<\/p>\n<p><strong>Per\u00edodos de conserva\u00e7\u00e3o<\/strong><\/p>\n<p>Os seus dados pessoais n\u00e3o ser\u00e3o conservados mais tempo do que o necess\u00e1rio para os fins para os quais foram recolhidos, incluindo:<\/p>\n<ul>\n<li>A dura\u00e7\u00e3o do contrato de presta\u00e7\u00e3o de servi\u00e7os<\/li>\n<li>Cumprir os per\u00edodos de reten\u00e7\u00e3o legais (por exemplo, registos fiscais)<\/li>\n<li>Para fins de marketing: desde que o consentimento n\u00e3o tenha sido retirado<\/li>\n<\/ul>\n<p>No final do per\u00edodo de conserva\u00e7\u00e3o, os dados ser\u00e3o eliminados de forma segura ou tornados an\u00f3nimos.<\/p>\n<p>\u00a0<\/p>\n<p><strong>Partilha de dados<\/strong><\/p>\n<p>N\u00e3o vendemos os seus dados. Os seus dados pessoais podem ser partilhados com:<\/p>\n<ul>\n<li>Empregados qualificados da Kaminada e da ARM Abogados<\/li>\n<li>Subcontratantes ou terceiros necess\u00e1rios para os nossos servi\u00e7os (por exemplo, not\u00e1rios, registos)<\/li>\n<li>Ag\u00eancias governamentais, se exigido por lei (por exemplo, autoridades fiscais, tribunal)<\/li>\n<li>Processadores (tais como fornecedores de servi\u00e7os inform\u00e1ticos) sujeitos a obriga\u00e7\u00f5es de confidencialidade estritas<\/li>\n<\/ul>\n<p>Em todos os casos, garantimos o cumprimento da legisla\u00e7\u00e3o aplic\u00e1vel em mat\u00e9ria de privacidade e das medidas de prote\u00e7\u00e3o adequadas.<\/p>\n<p>\u00a0<\/p>\n<p><strong>Transfer\u00eancias internacionais de dados<\/strong><\/p>\n<p>N\u00e3o transferimos os seus dados para fora do Espa\u00e7o Econ\u00f3mico Europeu (EEE), a menos que tal seja necess\u00e1rio para a presta\u00e7\u00e3o dos nossos servi\u00e7os. Se for efectuada uma transfer\u00eancia, esta ser\u00e1 realizada em conformidade com o Cap\u00edtulo V do AVG, incluindo as Cl\u00e1usulas Contratuais-tipo ou com base numa decis\u00e3o de adequa\u00e7\u00e3o.<\/p>\n<p>\u00a0<\/p>\n<p><strong>Os seus direitos<\/strong><\/p>\n<p>O utilizador tem os seguintes direitos, sujeitos a condi\u00e7\u00f5es legais:<\/p>\n<ul>\n<li>Direito de acesso - pode saber quais os dados que temos sobre si<\/li>\n<li>Direito de retifica\u00e7\u00e3o - corrigir dados inexactos ou incompletos<\/li>\n<li>Direito ao apagamento - obter o apagamento dos dados (quando permitido)<\/li>\n<li>Direito \u00e0 limita\u00e7\u00e3o - limitar o tratamento em determinadas situa\u00e7\u00f5es<\/li>\n<li>Direito \u00e0 portabilidade - receber dados em formato transfer\u00edvel<\/li>\n<li>Direito de oposi\u00e7\u00e3o - opor-se ao tratamento por motivos de interesse leg\u00edtimo<\/li>\n<li>Direito de retirar o consentimento - se o tratamento se basear nesse consentimento<\/li>\n<\/ul>\n<p>Para exercer os seus direitos, envie um pedido para info@kaminada.nl, acompanhado de uma c\u00f3pia do seu comprovativo de identidade (tornar ileg\u00edveis os dados sens\u00edveis como a fotografia, o MRZ, o n\u00famero do documento e o BSN). Responderemos no prazo de um m\u00eas.<\/p>\n<p>\u00a0<\/p>\n<p><strong>Medidas de seguran\u00e7a<\/strong><\/p>\n<p>Tomamos medidas de seguran\u00e7a t\u00e9cnicas e organizacionais adequadas para proteger os seus dados pessoais contra o acesso, a modifica\u00e7\u00e3o, a divulga\u00e7\u00e3o ou a destrui\u00e7\u00e3o n\u00e3o autorizados. Estas medidas incluem encripta\u00e7\u00e3o, controlo de acesso e armazenamento seguro de dados.<\/p>\n<p>\u00a0<\/p>\n<p><strong>Queixas<\/strong><\/p>\n<p>Se considerar que os seus dados est\u00e3o a ser tratados incorretamente ou que os seus direitos foram violados, pode apresentar uma queixa \u00e0 autoridade reguladora nacional:<\/p>\n<p><strong>Espanha<\/strong><br \/>Ag\u00eancia Espanhola de Prote\u00e7\u00e3o de Dados (AEPD)<br \/><a href=\"http:\/\/www.aepd.es\">www.aepd.es<\/a><\/p>\n<p><strong>Pa\u00edses Baixos<\/strong><br \/>Autoridade para os dados pessoais (AP)<br \/><a href=\"http:\/\/www.autoriteitpersoonsgegevens.nl\">www.autoriteitpersoonsgegevens.nl<\/a><\/p>\n<p><strong>Portugal<\/strong><br \/>Comiss\u00e3o Nacional de Prote\u00e7\u00e3o de Dados (CNPD)<br \/><a href=\"http:\/\/www.cnpd.pt\">www.cnpd.pt<\/a><\/p>\n<p>Para quest\u00f5es ou coment\u00e1rios sobre esta declara\u00e7\u00e3o, contacte-nos atrav\u00e9s de <a href=\"mailto:info@kaminada.nl\">info@kaminada.nl<\/a><\/p>\n<p>\u00a0<\/p>\t\t\t\t\t\t\t\t<\/div>\n\t\t\t\t<\/div>\n\t\t\t\t\t<\/div>\n\t\t\t\t<\/div>\n\t\t\t\t<\/div>","protected":false},"excerpt":{"rendered":"<p>NL: +31 850 848 390 ES: +34 865 780 203 info@kaminada.nl Declara\u00e7\u00e3o de privacidade A Kaminada e a ARM Abogados atribuem grande import\u00e2ncia \u00e0 prote\u00e7\u00e3o dos seus dados pessoais e comprometem-se a uma total transpar\u00eancia no tratamento desses dados, em conformidade com o Regulamento (UE) 2016\/679 (AVG\/GDPR), a Lei Org\u00e2nica Espanhola 3\/2018 (LOPDGDD), a AVG holandesa e a [...]<\/p>","protected":false},"author":2,"featured_media":0,"parent":0,"menu_order":0,"comment_status":"closed","ping_status":"closed","template":"","meta":{"footnotes":""},"class_list":["post-1100","page","type-page","status-publish","hentry"],"_links":{"self":[{"href":"https:\/\/kaminada.nl\/pt\/wp-json\/wp\/v2\/pages\/1100","targetHints":{"allow":["GET"]}}],"collection":[{"href":"https:\/\/kaminada.nl\/pt\/wp-json\/wp\/v2\/pages"}],"about":[{"href":"https:\/\/kaminada.nl\/pt\/wp-json\/wp\/v2\/types\/page"}],"author":[{"embeddable":true,"href":"https:\/\/kaminada.nl\/pt\/wp-json\/wp\/v2\/users\/2"}],"replies":[{"embeddable":true,"href":"https:\/\/kaminada.nl\/pt\/wp-json\/wp\/v2\/comments?post=1100"}],"version-history":[{"count":0,"href":"https:\/\/kaminada.nl\/pt\/wp-json\/wp\/v2\/pages\/1100\/revisions"}],"wp:attachment":[{"href":"https:\/\/kaminada.nl\/pt\/wp-json\/wp\/v2\/media?parent=1100"}],"curies":[{"name":"wp","href":"https:\/\/api.w.org\/{rel}","templated":true}]}}