{"id":595,"date":"2025-03-23T22:42:36","date_gmt":"2025-03-23T21:42:36","guid":{"rendered":"https:\/\/new.arm-abogados.com\/?page_id=595"},"modified":"2025-11-06T15:24:41","modified_gmt":"2025-11-06T14:24:41","slug":"otros-servicios","status":"publish","type":"page","link":"https:\/\/kaminada.nl\/es\/otros-servicios\/","title":{"rendered":"Recuperaci\u00f3n y reestructuraci\u00f3n"},"content":{"rendered":"<div data-elementor-type=\"wp-page\" data-elementor-id=\"595\" class=\"elementor elementor-595\" data-elementor-post-type=\"page\">\n\t\t\t\t<div class=\"elementor-element elementor-element-18775ce e-con-full e-flex e-con e-parent\" data-id=\"18775ce\" data-element_type=\"container\" id=\"header_pop\" data-settings=\"{&quot;sticky&quot;:&quot;top&quot;,&quot;sticky_on&quot;:[&quot;desktop&quot;,&quot;tablet&quot;,&quot;mobile&quot;],&quot;sticky_offset&quot;:0,&quot;sticky_effects_offset&quot;:0,&quot;sticky_anchor_link_offset&quot;:0}\">\n\t\t<div class=\"elementor-element elementor-element-15f773e8 e-flex e-con-boxed e-con e-child\" data-id=\"15f773e8\" data-element_type=\"container\" data-settings=\"{&quot;background_background&quot;:&quot;classic&quot;}\">\n\t\t\t\t\t<div class=\"e-con-inner\">\n\t\t<div class=\"elementor-element elementor-element-6072b13e elementor-hidden-mobile e-con-full e-flex e-con e-child\" data-id=\"6072b13e\" data-element_type=\"container\">\n\t\t\t\t<div class=\"elementor-element elementor-element-522cfff6 elementor-icon-list--layout-inline elementor-align-left elementor-mobile-align-center elementor-list-item-link-full_width elementor-widget elementor-widget-icon-list\" data-id=\"522cfff6\" data-element_type=\"widget\" data-widget_type=\"icon-list.default\">\n\t\t\t\t<div class=\"elementor-widget-container\">\n\t\t\t\t\t\t\t<ul class=\"elementor-icon-list-items elementor-inline-items\">\n\t\t\t\t\t\t\t<li class=\"elementor-icon-list-item elementor-inline-item\">\n\t\t\t\t\t\t\t\t\t\t\t<a href=\"tel:+31850848390\">\n\n\t\t\t\t\t\t\t\t\t\t\t\t<span class=\"elementor-icon-list-icon\">\n\t\t\t\t\t\t\t<svg aria-hidden=\"true\" class=\"e-font-icon-svg e-fas-phone\" viewbox=\"0 0 512 512\" xmlns=\"http:\/\/www.w3.org\/2000\/svg\"><path d=\"M493.4 24.6l-104-24c-11.3-2.6-22.9 3.3-27.5 13.9l-48 112c-4.2 9.8-1.4 21.3 6.9 28l60.6 49.6c-36 76.7-98.9 140.5-177.2 177.2l-49.6-60.6c-6.8-8.3-18.2-11.1-28-6.9l-112 48C3.9 366.5-2 378.1.6 389.4l24 104C27.1 504.2 36.7 512 48 512c256.1 0 464-207.5 464-464 0-11.2-7.7-20.9-18.6-23.4z\"><\/path><\/svg>\t\t\t\t\t\t<\/span>\n\t\t\t\t\t\t\t\t\t\t<span class=\"elementor-icon-list-text\">NL: +31 850 848 390<\/span>\n\t\t\t\t\t\t\t\t\t\t\t<\/a>\n\t\t\t\t\t\t\t\t\t<\/li>\n\t\t\t\t\t\t\t\t<li class=\"elementor-icon-list-item elementor-inline-item\">\n\t\t\t\t\t\t\t\t\t\t\t<a href=\"tel:+34865780203\">\n\n\t\t\t\t\t\t\t\t\t\t\t\t<span class=\"elementor-icon-list-icon\">\n\t\t\t\t\t\t\t<svg aria-hidden=\"true\" class=\"e-font-icon-svg e-fas-phone\" viewbox=\"0 0 512 512\" xmlns=\"http:\/\/www.w3.org\/2000\/svg\"><path d=\"M493.4 24.6l-104-24c-11.3-2.6-22.9 3.3-27.5 13.9l-48 112c-4.2 9.8-1.4 21.3 6.9 28l60.6 49.6c-36 76.7-98.9 140.5-177.2 177.2l-49.6-60.6c-6.8-8.3-18.2-11.1-28-6.9l-112 48C3.9 366.5-2 378.1.6 389.4l24 104C27.1 504.2 36.7 512 48 512c256.1 0 464-207.5 464-464 0-11.2-7.7-20.9-18.6-23.4z\"><\/path><\/svg>\t\t\t\t\t\t<\/span>\n\t\t\t\t\t\t\t\t\t\t<span class=\"elementor-icon-list-text\">ES: +34 865 780 203<\/span>\n\t\t\t\t\t\t\t\t\t\t\t<\/a>\n\t\t\t\t\t\t\t\t\t<\/li>\n\t\t\t\t\t\t\t\t<li class=\"elementor-icon-list-item elementor-inline-item\">\n\t\t\t\t\t\t\t\t\t\t\t<a href=\"#contactfooter\">\n\n\t\t\t\t\t\t\t\t\t\t\t\t<span class=\"elementor-icon-list-icon\">\n\t\t\t\t\t\t\t<svg aria-hidden=\"true\" class=\"e-font-icon-svg e-fas-envelope\" viewbox=\"0 0 512 512\" xmlns=\"http:\/\/www.w3.org\/2000\/svg\"><path d=\"M502.3 190.8c3.9-3.1 9.7-.2 9.7 4.7V400c0 26.5-21.5 48-48 48H48c-26.5 0-48-21.5-48-48V195.6c0-5 5.7-7.8 9.7-4.7 22.4 17.4 52.1 39.5 154.1 113.6 21.1 15.4 56.7 47.8 92.2 47.6 35.7.3 72-32.8 92.3-47.6 102-74.1 131.6-96.3 154-113.7zM256 320c23.2.4 56.6-29.2 73.4-41.4 132.7-96.3 142.8-104.7 173.4-128.7 5.8-4.5 9.2-11.5 9.2-18.9v-19c0-26.5-21.5-48-48-48H48C21.5 64 0 85.5 0 112v19c0 7.4 3.4 14.3 9.2 18.9 30.6 23.9 40.7 32.4 173.4 128.7 16.8 12.2 50.2 41.8 73.4 41.4z\"><\/path><\/svg>\t\t\t\t\t\t<\/span>\n\t\t\t\t\t\t\t\t\t\t<span class=\"elementor-icon-list-text\">info@kaminada.nl<\/span>\n\t\t\t\t\t\t\t\t\t\t\t<\/a>\n\t\t\t\t\t\t\t\t\t<\/li>\n\t\t\t\t\t\t<\/ul>\n\t\t\t\t\t\t<\/div>\n\t\t\t\t<\/div>\n\t\t\t\t<\/div>\n\t\t\t\t\t<\/div>\n\t\t\t\t<\/div>\n\t\t<div class=\"elementor-element elementor-element-643602ca e-flex e-con-boxed e-con e-child\" data-id=\"643602ca\" data-element_type=\"container\" data-settings=\"{&quot;background_background&quot;:&quot;classic&quot;}\">\n\t\t\t\t\t<div class=\"e-con-inner\">\n\t\t\t\t<div class=\"elementor-element elementor-element-7b9550f6 elementor-widget-tablet__width-initial e-transform elementor-widget elementor-widget-image\" data-id=\"7b9550f6\" data-element_type=\"widget\" data-settings=\"{&quot;_transform_scale_effect_tablet&quot;:{&quot;unit&quot;:&quot;px&quot;,&quot;size&quot;:2,&quot;sizes&quot;:[]},&quot;_transform_scale_effect&quot;:{&quot;unit&quot;:&quot;px&quot;,&quot;size&quot;:&quot;&quot;,&quot;sizes&quot;:[]},&quot;_transform_scale_effect_mobile&quot;:{&quot;unit&quot;:&quot;px&quot;,&quot;size&quot;:&quot;&quot;,&quot;sizes&quot;:[]}}\" data-widget_type=\"image.default\">\n\t\t\t\t<div class=\"elementor-widget-container\">\n\t\t\t\t\t\t\t\t\t\t\t\t\t\t\t\t<a href=\"https:\/\/kaminada.nl\/es\">\n\t\t\t\t\t\t\t<img decoding=\"async\" width=\"300\" height=\"98\" src=\"https:\/\/kaminada.nl\/wp-content\/uploads\/2025\/06\/Kaminada_legalaccounting_-logo_rgb-300x98.png\" class=\"attachment-medium size-medium wp-image-1550\" alt=\"\" srcset=\"https:\/\/kaminada.nl\/wp-content\/uploads\/2025\/06\/Kaminada_legalaccounting_-logo_rgb-300x98.png 300w, https:\/\/kaminada.nl\/wp-content\/uploads\/2025\/06\/Kaminada_legalaccounting_-logo_rgb.png 598w\" sizes=\"(max-width: 300px) 100vw, 300px\" \/>\t\t\t\t\t\t\t\t<\/a>\n\t\t\t\t\t\t\t\t\t\t\t\t\t\t\t<\/div>\n\t\t\t\t<\/div>\n\t\t\t\t\t<\/div>\n\t\t\t\t<\/div>\n\t\t\t\t<\/div>\n\t\t<div class=\"elementor-element elementor-element-ec5604a e-flex e-con-boxed e-con e-parent\" data-id=\"ec5604a\" data-element_type=\"container\">\n\t\t\t\t\t<div class=\"e-con-inner\">\n\t\t<div class=\"elementor-element elementor-element-c5538f1 e-con-full e-flex e-con e-child\" data-id=\"c5538f1\" data-element_type=\"container\">\n\t\t\t\t<div class=\"elementor-element elementor-element-c62ad3d animated-slow elementor-invisible elementor-widget elementor-widget-heading\" data-id=\"c62ad3d\" data-element_type=\"widget\" data-settings=\"{&quot;_animation&quot;:&quot;fadeIn&quot;}\" data-widget_type=\"heading.default\">\n\t\t\t\t<div class=\"elementor-widget-container\">\n\t\t\t\t\t<h2 class=\"elementor-heading-title elementor-size-default\">Recuperaci\u00f3n y reestructuraci\u00f3n<\/h2>\t\t\t\t<\/div>\n\t\t\t\t<\/div>\n\t\t\t\t<div class=\"elementor-element elementor-element-e7c3edc elementor-widget__width-initial elementor-widget elementor-widget-text-editor\" data-id=\"e7c3edc\" data-element_type=\"widget\" data-widget_type=\"text-editor.default\">\n\t\t\t\t<div class=\"elementor-widget-container\">\n\t\t\t\t\t\t\t\t\t<p><strong>Emprender con confianza, incluso en tiempos dif\u00edciles<\/strong><\/p><p>Cuando los n\u00fameros est\u00e1n bajo presi\u00f3n, se necesita un asesor que no s\u00f3lo entienda lo que pasa, sino que aporte soluciones inmediatas. Kaminada ayuda a los empresarios en apuros con perspicacia, estructura y negociaci\u00f3n.<\/p><p>Tenemos experiencia en procesos de recuperaci\u00f3n en los sectores de hosteler\u00eda, comercio minorista, inmobiliario y servicios, tanto dentro como fuera de Europa, entre otros.<\/p><p>\u00a0<\/p><p><strong>Nuestro enfoque:<\/strong><\/p><ul><li>An\u00e1lisis financiero y gesti\u00f3n de tesorer\u00eda<\/li><li>Reestructuraci\u00f3n de deudas y contratos<\/li><li>Consultas con las autoridades fiscales, el banco y los proveedores<\/li><li>Orientaci\u00f3n sobre reorganizaci\u00f3n jur\u00eddica y relanzamiento de empresas<\/li><li>C\u00e1lculo de planes de recuperaci\u00f3n y estrategias de inversi\u00f3n<\/li><\/ul><p>Le proporcionamos calma, visi\u00f3n de conjunto y un camino a seguir, para que pueda volver a su trabajo.<\/p>\t\t\t\t\t\t\t\t<\/div>\n\t\t\t\t<\/div>\n\t\t\t\t<\/div>\n\t\t<div class=\"elementor-element elementor-element-f70ed9a e-con-full e-flex e-con e-child\" data-id=\"f70ed9a\" data-element_type=\"container\">\n\t\t\t\t<div class=\"elementor-element elementor-element-90c62f0 animated-slow elementor-invisible elementor-widget elementor-widget-image\" data-id=\"90c62f0\" data-element_type=\"widget\" data-settings=\"{&quot;_animation&quot;:&quot;slideInRight&quot;}\" data-widget_type=\"image.default\">\n\t\t\t\t<div class=\"elementor-widget-container\">\n\t\t\t\t\t\t\t\t\t\t\t\t\t\t\t<img decoding=\"async\" src=\"https:\/\/kaminada.nl\/wp-content\/uploads\/elementor\/thumbs\/DSCF9208-scaled-r8qu1bvuide8igy4j2kqchsyczal7j10zibh59zklc.jpg\" title=\"DSCF9208\" alt=\"DSCF9208\" loading=\"lazy\" \/>\t\t\t\t\t\t\t\t\t\t\t\t\t\t\t<\/div>\n\t\t\t\t<\/div>\n\t\t\t\t<\/div>\n\t\t\t\t\t<\/div>\n\t\t\t\t<\/div>\n\t\t<div class=\"elementor-element elementor-element-f6dcc14 e-flex e-con-boxed e-con e-parent\" data-id=\"f6dcc14\" data-element_type=\"container\">\n\t\t\t\t\t<div class=\"e-con-inner\">\n\t\t<div class=\"elementor-element elementor-element-d3f2a18 e-con-full e-flex e-con e-child\" data-id=\"d3f2a18\" data-element_type=\"container\">\n\t\t\t\t<div class=\"elementor-element elementor-element-fb762c7 elementor-widget elementor-widget-text-editor\" data-id=\"fb762c7\" data-element_type=\"widget\" data-widget_type=\"text-editor.default\">\n\t\t\t\t<div class=\"elementor-widget-container\">\n\t\t\t\t\t\t\t\t\t<p>Nuestros otros servicios incluyen:<\/p><ul><li><b>Solicitudes de residencia:<\/b> Le guiaremos paso a paso a trav\u00e9s del proceso de solicitud de su residencia, para que pueda integrarse en la sociedad espa\u00f1ola r\u00e1pidamente y sin preocupaciones de la forma m\u00e1s fiscalmente eficiente posible.<\/li><li><b>Solicitud de n\u00famero NIE: <\/b>La solicitud de un n\u00famero NIE (N\u00famero de Identificaci\u00f3n de Extranjeros) suele ser necesaria para muchas actividades administrativas y empresariales. Nos aseguramos de que se haga sin problemas y correctamente para que pueda seguir adelante con su negocio en Espa\u00f1a.<\/li><\/ul>\t\t\t\t\t\t\t\t<\/div>\n\t\t\t\t<\/div>\n\t\t\t\t<\/div>\n\t\t<div class=\"elementor-element elementor-element-17638a6 e-con-full e-flex e-con e-child\" data-id=\"17638a6\" data-element_type=\"container\">\n\t\t\t\t<div class=\"elementor-element elementor-element-2accd87 elementor-widget elementor-widget-text-editor\" data-id=\"2accd87\" data-element_type=\"widget\" data-widget_type=\"text-editor.default\">\n\t\t\t\t<div class=\"elementor-widget-container\">\n\t\t\t\t\t\t\t\t\t<ul><li><b>N\u00famero de identificaci\u00f3n fiscal y otros permisos:<\/b> Adem\u00e1s del n\u00famero NIE, tambi\u00e9n podemos ayudarle con otros permisos necesarios o con la obtenci\u00f3n de un n\u00famero de identificaci\u00f3n fiscal a efectos fiscales.<\/li><\/ul><ul><li><b>Otro apoyo administrativo:<\/b> Ya se trate del registro fiscal, la apertura de una cuenta bancaria u otros tr\u00e1mites necesarios, nuestros expertos asesores est\u00e1n dispuestos a ayudarle.<\/li><\/ul>\t\t\t\t\t\t\t\t<\/div>\n\t\t\t\t<\/div>\n\t\t\t\t<\/div>\n\t\t\t\t\t<\/div>\n\t\t\t\t<\/div>\n\t\t<div class=\"elementor-element elementor-element-1c8eb9a e-flex e-con-boxed e-con e-parent\" data-id=\"1c8eb9a\" data-element_type=\"container\">\n\t\t\t\t\t<div class=\"e-con-inner\">\n\t\t\t\t<div class=\"elementor-element elementor-element-72e3520 elementor-widget elementor-widget-text-editor\" data-id=\"72e3520\" data-element_type=\"widget\" data-widget_type=\"text-editor.default\">\n\t\t\t\t<div class=\"elementor-widget-container\">\n\t\t\t\t\t\t\t\t\t<p><span style=\"color: var( --e-global-color-text ); font-family: var( --e-global-typography-text-font-family ), Sans-serif; font-weight: var( --e-global-typography-text-font-weight ); text-align: var(--text-align); background-color: var( --e-global-color-primary ); font-size: 1rem;\">Con nuestro enfoque personal y transparente, le evitamos las preocupaciones administrativas para que pueda centrarse plenamente en su nueva aventura en Espa\u00f1a. Conf\u00ede en ARM Abogados para una transici\u00f3n suave y una base s\u00f3lida para su futuro.<\/span><\/p>\t\t\t\t\t\t\t\t<\/div>\n\t\t\t\t<\/div>\n\t\t\t\t\t<\/div>\n\t\t\t\t<\/div>\n\t\t<div class=\"elementor-element elementor-element-7eaf502 e-flex e-con-boxed e-con e-parent\" data-id=\"7eaf502\" data-element_type=\"container\">\n\t\t\t\t\t<div class=\"e-con-inner\">\n\t\t\t\t<div class=\"elementor-element elementor-element-81a41cc elementor-widget elementor-widget-spacer\" data-id=\"81a41cc\" data-element_type=\"widget\" data-widget_type=\"spacer.default\">\n\t\t\t\t<div class=\"elementor-widget-container\">\n\t\t\t\t\t\t\t<div class=\"elementor-spacer\">\n\t\t\t<div class=\"elementor-spacer-inner\"><\/div>\n\t\t<\/div>\n\t\t\t\t\t\t<\/div>\n\t\t\t\t<\/div>\n\t\t\t\t\t<\/div>\n\t\t\t\t<\/div>\n\t\t<div class=\"elementor-element elementor-element-6716cf6 e-con-full animated-slow e-flex elementor-invisible e-con e-parent\" data-id=\"6716cf6\" data-element_type=\"container\" data-settings=\"{&quot;background_background&quot;:&quot;classic&quot;,&quot;animation&quot;:&quot;slideInLeft&quot;}\">\n\t\t<div class=\"elementor-element elementor-element-99efd9d e-con-full e-flex e-con e-child\" data-id=\"99efd9d\" data-element_type=\"container\">\n\t\t\t\t<div class=\"elementor-element elementor-element-827120f elementor-button-align-stretch elementor-widget elementor-widget-form\" data-id=\"827120f\" data-element_type=\"widget\" data-settings=\"{&quot;step_next_label&quot;:&quot;Volgende&quot;,&quot;step_previous_label&quot;:&quot;Vorige&quot;,&quot;button_width&quot;:&quot;100&quot;,&quot;step_type&quot;:&quot;number_text&quot;,&quot;step_icon_shape&quot;:&quot;circle&quot;}\" data-widget_type=\"form.default\">\n\t\t\t\t<div class=\"elementor-widget-container\">\n\t\t\t\t\t\t\t<form class=\"elementor-form\" method=\"post\" name=\"contactformulier\" action=\"\">\n\t\t\t<input type=\"hidden\" name=\"post_id\" value=\"595\"\/>\n\t\t\t<input type=\"hidden\" name=\"form_id\" value=\"827120f\"\/>\n\t\t\t<input type=\"hidden\" name=\"referer_title\" value=\"Recovery en herstructurering\" \/>\n\n\t\t\t\t\t\t\t<input type=\"hidden\" name=\"queried_id\" value=\"595\"\/>\n\t\t\t\n\t\t\t<div class=\"elementor-form-fields-wrapper elementor-labels-\">\n\t\t\t\t\t\t\t\t<div class=\"elementor-field-type-text elementor-field-group elementor-column elementor-field-group-name elementor-col-100 elementor-field-required\">\n\t\t\t\t\t\t\t\t\t\t\t\t<label for=\"form-field-name\" class=\"elementor-field-label elementor-screen-only\">\n\t\t\t\t\t\t\t\tNombre\t\t\t\t\t\t\t<\/label>\n\t\t\t\t\t\t\t\t\t\t\t\t\t\t<input size=\"1\" type=\"text\" name=\"form_fields[name]\" id=\"form-field-name\" class=\"elementor-field elementor-size-xs  elementor-field-textual\" placeholder=\"Nombre\" required=\"required\">\n\t\t\t\t\t\t\t\t\t\t\t<\/div>\n\t\t\t\t\t\t\t\t<div class=\"elementor-field-type-email elementor-field-group elementor-column elementor-field-group-email elementor-col-100 elementor-field-required\">\n\t\t\t\t\t\t\t\t\t\t\t\t<label for=\"form-field-email\" class=\"elementor-field-label elementor-screen-only\">\n\t\t\t\t\t\t\t\tCorreo electr\u00f3nico\t\t\t\t\t\t\t<\/label>\n\t\t\t\t\t\t\t\t\t\t\t\t\t\t<input size=\"1\" type=\"email\" name=\"form_fields[email]\" id=\"form-field-email\" class=\"elementor-field elementor-size-xs  elementor-field-textual\" placeholder=\"Correo electr\u00f3nico\" required=\"required\">\n\t\t\t\t\t\t\t\t\t\t\t<\/div>\n\t\t\t\t\t\t\t\t<div class=\"elementor-field-type-tel elementor-field-group elementor-column elementor-field-group-field_9b06824 elementor-col-100\">\n\t\t\t\t\t\t\t\t\t\t\t\t<label for=\"form-field-field_9b06824\" class=\"elementor-field-label elementor-screen-only\">\n\t\t\t\t\t\t\t\tN\u00famero de tel\u00e9fono\t\t\t\t\t\t\t<\/label>\n\t\t\t\t\t\t\t\t<input size=\"1\" type=\"tel\" name=\"form_fields[field_9b06824]\" id=\"form-field-field_9b06824\" class=\"elementor-field elementor-size-xs  elementor-field-textual\" placeholder=\"N\u00famero de tel\u00e9fono\" pattern=\"[0-9()#&amp;+*-=.]+\" title=\"Only numbers and phone characters (#, -, *, etc) are accepted.\" data-no-translation-title=\"\">\n\n\t\t\t\t\t\t<\/div>\n\t\t\t\t\t\t\t\t<div class=\"elementor-field-type-acceptance elementor-field-group elementor-column elementor-field-group-field_1e8dab8 elementor-col-100 elementor-field-required\">\n\t\t\t\t\t\t\t\t\t\t\t\t<label for=\"form-field-field_1e8dab8\" class=\"elementor-field-label elementor-screen-only\">\n\t\t\t\t\t\t\t\tacepto las condiciones de privacidad\t\t\t\t\t\t\t<\/label>\n\t\t\t\t\t\t\t\t<div class=\"elementor-field-subgroup\">\n\t\t\t<span class=\"elementor-field-option\">\n\t\t\t\t<input type=\"checkbox\" name=\"form_fields[field_1e8dab8]\" id=\"form-field-field_1e8dab8\" class=\"elementor-field elementor-size-xs  elementor-acceptance-field\" required=\"required\">\n\t\t\t\t<label for=\"form-field-field_1e8dab8\">acepto las condiciones de privacidad<\/label>\t\t\t<\/span>\n\t\t<\/div>\n\t\t\t\t\t\t<\/div>\n\t\t\t\t\t\t\t\t<div class=\"elementor-field-type-recaptcha_v3 elementor-field-group elementor-column elementor-field-group-field_51cda73 elementor-col-100 recaptcha_v3-bottomright\">\n\t\t\t\t\t<div class=\"elementor-field\" id=\"form-field-field_51cda73\"><div class=\"elementor-g-recaptcha\" data-sitekey=\"6LeqeQQsAAAAAFUyul9HJREuRlJ00oI5vr9Lzol8\" data-type=\"v3\" data-action=\"Form\" data-badge=\"bottomright\" data-size=\"invisible\"><\/div><\/div>\t\t\t\t<\/div>\n\t\t\t\t\t\t\t\t<div class=\"elementor-field-group elementor-column elementor-field-type-submit elementor-col-100 e-form__buttons\">\n\t\t\t\t\t<button class=\"elementor-button elementor-size-sm\" type=\"submit\">\n\t\t\t\t\t\t<span class=\"elementor-button-content-wrapper\">\n\t\t\t\t\t\t\t\t\t\t\t\t\t\t\t\t\t\t\t\t\t\t<span class=\"elementor-button-text\">Enviar<\/span>\n\t\t\t\t\t\t\t\t\t\t\t\t\t<\/span>\n\t\t\t\t\t<\/button>\n\t\t\t\t<\/div>\n\t\t\t<\/div>\n\t\t<input type=\"hidden\" name=\"trp-form-language\" value=\"es\"\/><\/form>\n\t\t\t\t\t\t<\/div>\n\t\t\t\t<\/div>\n\t\t\t\t<\/div>\n\t\t<div class=\"elementor-element elementor-element-117cca1 e-con-full e-flex e-con e-child\" data-id=\"117cca1\" data-element_type=\"container\">\n\t\t\t\t<div class=\"elementor-element elementor-element-add0d67 elementor-widget elementor-widget-heading\" data-id=\"add0d67\" data-element_type=\"widget\" data-widget_type=\"heading.default\">\n\t\t\t\t<div class=\"elementor-widget-container\">\n\t\t\t\t\t<h3 class=\"elementor-heading-title elementor-size-default\">\u00bfListo para la claridad, la visi\u00f3n de conjunto y el crecimiento? <br><br>\nKaminada es su socio para la contabilidad, el asesoramiento fiscal, el procesamiento de n\u00f3minas, la creaci\u00f3n de empresas y la recuperaci\u00f3n de retos financieros. Somos sin\u00f3nimo de contacto personal, compromiso y soluciones pr\u00e1cticas.\n\n<br><br>Ll\u00e1menos para una presentaci\u00f3n sin compromiso o env\u00edenos un mensaje a trav\u00e9s del formulario de contacto.\n\n<\/h3>\t\t\t\t<\/div>\n\t\t\t\t<\/div>\n\t\t\t\t<\/div>\n\t\t\t\t<\/div>\n\t\t\t\t<\/div>","protected":false},"excerpt":{"rendered":"<p>NL: +31 850 848 390 ES: +34 865 780 203 info@kaminada.nl Recovery en herstructurering Onderneem met vertrouwen, ook in moeilijke tijden Als de cijfers onder druk staan, heb je een adviseur nodig die niet alleen begrijpt wat er speelt, maar ook direct met oplossingen komt. Kaminada helpt ondernemers in zwaar weer met inzicht, structuur en [&hellip;]<\/p>","protected":false},"author":2,"featured_media":0,"parent":0,"menu_order":0,"comment_status":"closed","ping_status":"closed","template":"","meta":{"footnotes":""},"class_list":["post-595","page","type-page","status-publish","hentry"],"_links":{"self":[{"href":"https:\/\/kaminada.nl\/es\/wp-json\/wp\/v2\/pages\/595","targetHints":{"allow":["GET"]}}],"collection":[{"href":"https:\/\/kaminada.nl\/es\/wp-json\/wp\/v2\/pages"}],"about":[{"href":"https:\/\/kaminada.nl\/es\/wp-json\/wp\/v2\/types\/page"}],"author":[{"embeddable":true,"href":"https:\/\/kaminada.nl\/es\/wp-json\/wp\/v2\/users\/2"}],"replies":[{"embeddable":true,"href":"https:\/\/kaminada.nl\/es\/wp-json\/wp\/v2\/comments?post=595"}],"version-history":[{"count":0,"href":"https:\/\/kaminada.nl\/es\/wp-json\/wp\/v2\/pages\/595\/revisions"}],"wp:attachment":[{"href":"https:\/\/kaminada.nl\/es\/wp-json\/wp\/v2\/media?parent=595"}],"curies":[{"name":"wp","href":"https:\/\/api.w.org\/{rel}","templated":true}]}}