{"id":243,"date":"2025-03-14T14:03:05","date_gmt":"2025-03-14T13:03:05","guid":{"rendered":"https:\/\/new.arm-abogados.com\/?page_id=243"},"modified":"2025-07-14T13:05:30","modified_gmt":"2025-07-14T11:05:30","slug":"condiciones-generales","status":"publish","type":"page","link":"https:\/\/kaminada.nl\/es\/condiciones-generales\/","title":{"rendered":"Condiciones generales"},"content":{"rendered":"<div data-elementor-type=\"wp-page\" data-elementor-id=\"243\" class=\"elementor elementor-243\" data-elementor-post-type=\"page\">\n\t\t\t\t<div class=\"elementor-element elementor-element-278ea83 e-con-full e-flex e-con e-parent\" data-id=\"278ea83\" data-element_type=\"container\" id=\"header_pop\" data-settings=\"{&quot;sticky&quot;:&quot;top&quot;,&quot;sticky_on&quot;:[&quot;desktop&quot;,&quot;tablet&quot;,&quot;mobile&quot;],&quot;sticky_offset&quot;:0,&quot;sticky_effects_offset&quot;:0,&quot;sticky_anchor_link_offset&quot;:0}\">\n\t\t<div class=\"elementor-element elementor-element-408683b3 e-flex e-con-boxed e-con e-child\" data-id=\"408683b3\" data-element_type=\"container\" data-settings=\"{&quot;background_background&quot;:&quot;classic&quot;}\">\n\t\t\t\t\t<div class=\"e-con-inner\">\n\t\t<div class=\"elementor-element elementor-element-5f38e855 elementor-hidden-mobile e-con-full e-flex e-con e-child\" data-id=\"5f38e855\" data-element_type=\"container\">\n\t\t\t\t<div class=\"elementor-element elementor-element-4f2c9678 elementor-icon-list--layout-inline elementor-align-left elementor-mobile-align-center elementor-list-item-link-full_width elementor-widget elementor-widget-icon-list\" data-id=\"4f2c9678\" data-element_type=\"widget\" data-widget_type=\"icon-list.default\">\n\t\t\t\t<div class=\"elementor-widget-container\">\n\t\t\t\t\t\t\t<ul class=\"elementor-icon-list-items elementor-inline-items\">\n\t\t\t\t\t\t\t<li class=\"elementor-icon-list-item elementor-inline-item\">\n\t\t\t\t\t\t\t\t\t\t\t<a href=\"tel:+31850848390\">\n\n\t\t\t\t\t\t\t\t\t\t\t\t<span class=\"elementor-icon-list-icon\">\n\t\t\t\t\t\t\t<svg aria-hidden=\"true\" class=\"e-font-icon-svg e-fas-phone\" viewbox=\"0 0 512 512\" xmlns=\"http:\/\/www.w3.org\/2000\/svg\"><path d=\"M493.4 24.6l-104-24c-11.3-2.6-22.9 3.3-27.5 13.9l-48 112c-4.2 9.8-1.4 21.3 6.9 28l60.6 49.6c-36 76.7-98.9 140.5-177.2 177.2l-49.6-60.6c-6.8-8.3-18.2-11.1-28-6.9l-112 48C3.9 366.5-2 378.1.6 389.4l24 104C27.1 504.2 36.7 512 48 512c256.1 0 464-207.5 464-464 0-11.2-7.7-20.9-18.6-23.4z\"><\/path><\/svg>\t\t\t\t\t\t<\/span>\n\t\t\t\t\t\t\t\t\t\t<span class=\"elementor-icon-list-text\">NL: +31 850 848 390<\/span>\n\t\t\t\t\t\t\t\t\t\t\t<\/a>\n\t\t\t\t\t\t\t\t\t<\/li>\n\t\t\t\t\t\t\t\t<li class=\"elementor-icon-list-item elementor-inline-item\">\n\t\t\t\t\t\t\t\t\t\t\t<a href=\"tel:+34865780203\">\n\n\t\t\t\t\t\t\t\t\t\t\t\t<span class=\"elementor-icon-list-icon\">\n\t\t\t\t\t\t\t<svg aria-hidden=\"true\" class=\"e-font-icon-svg e-fas-phone\" viewbox=\"0 0 512 512\" xmlns=\"http:\/\/www.w3.org\/2000\/svg\"><path d=\"M493.4 24.6l-104-24c-11.3-2.6-22.9 3.3-27.5 13.9l-48 112c-4.2 9.8-1.4 21.3 6.9 28l60.6 49.6c-36 76.7-98.9 140.5-177.2 177.2l-49.6-60.6c-6.8-8.3-18.2-11.1-28-6.9l-112 48C3.9 366.5-2 378.1.6 389.4l24 104C27.1 504.2 36.7 512 48 512c256.1 0 464-207.5 464-464 0-11.2-7.7-20.9-18.6-23.4z\"><\/path><\/svg>\t\t\t\t\t\t<\/span>\n\t\t\t\t\t\t\t\t\t\t<span class=\"elementor-icon-list-text\">ES: +34 865 780 203<\/span>\n\t\t\t\t\t\t\t\t\t\t\t<\/a>\n\t\t\t\t\t\t\t\t\t<\/li>\n\t\t\t\t\t\t\t\t<li class=\"elementor-icon-list-item elementor-inline-item\">\n\t\t\t\t\t\t\t\t\t\t\t<a href=\"#contactfooter\">\n\n\t\t\t\t\t\t\t\t\t\t\t\t<span class=\"elementor-icon-list-icon\">\n\t\t\t\t\t\t\t<svg aria-hidden=\"true\" class=\"e-font-icon-svg e-fas-envelope\" viewbox=\"0 0 512 512\" xmlns=\"http:\/\/www.w3.org\/2000\/svg\"><path d=\"M502.3 190.8c3.9-3.1 9.7-.2 9.7 4.7V400c0 26.5-21.5 48-48 48H48c-26.5 0-48-21.5-48-48V195.6c0-5 5.7-7.8 9.7-4.7 22.4 17.4 52.1 39.5 154.1 113.6 21.1 15.4 56.7 47.8 92.2 47.6 35.7.3 72-32.8 92.3-47.6 102-74.1 131.6-96.3 154-113.7zM256 320c23.2.4 56.6-29.2 73.4-41.4 132.7-96.3 142.8-104.7 173.4-128.7 5.8-4.5 9.2-11.5 9.2-18.9v-19c0-26.5-21.5-48-48-48H48C21.5 64 0 85.5 0 112v19c0 7.4 3.4 14.3 9.2 18.9 30.6 23.9 40.7 32.4 173.4 128.7 16.8 12.2 50.2 41.8 73.4 41.4z\"><\/path><\/svg>\t\t\t\t\t\t<\/span>\n\t\t\t\t\t\t\t\t\t\t<span class=\"elementor-icon-list-text\">info@kaminada.nl<\/span>\n\t\t\t\t\t\t\t\t\t\t\t<\/a>\n\t\t\t\t\t\t\t\t\t<\/li>\n\t\t\t\t\t\t<\/ul>\n\t\t\t\t\t\t<\/div>\n\t\t\t\t<\/div>\n\t\t\t\t<\/div>\n\t\t\t\t\t<\/div>\n\t\t\t\t<\/div>\n\t\t<div class=\"elementor-element elementor-element-592da823 e-flex e-con-boxed e-con e-child\" data-id=\"592da823\" data-element_type=\"container\" data-settings=\"{&quot;background_background&quot;:&quot;classic&quot;}\">\n\t\t\t\t\t<div class=\"e-con-inner\">\n\t\t\t\t<div class=\"elementor-element elementor-element-294a74c8 elementor-widget-tablet__width-initial e-transform elementor-widget elementor-widget-image\" data-id=\"294a74c8\" data-element_type=\"widget\" data-settings=\"{&quot;_transform_scale_effect_tablet&quot;:{&quot;unit&quot;:&quot;px&quot;,&quot;size&quot;:2,&quot;sizes&quot;:[]},&quot;_transform_scale_effect&quot;:{&quot;unit&quot;:&quot;px&quot;,&quot;size&quot;:&quot;&quot;,&quot;sizes&quot;:[]},&quot;_transform_scale_effect_mobile&quot;:{&quot;unit&quot;:&quot;px&quot;,&quot;size&quot;:&quot;&quot;,&quot;sizes&quot;:[]}}\" data-widget_type=\"image.default\">\n\t\t\t\t<div class=\"elementor-widget-container\">\n\t\t\t\t\t\t\t\t\t\t\t\t\t\t\t\t<a href=\"https:\/\/kaminada.nl\/es\">\n\t\t\t\t\t\t\t<img decoding=\"async\" width=\"300\" height=\"98\" src=\"https:\/\/kaminada.nl\/wp-content\/uploads\/2025\/06\/Kaminada_legalaccounting_-logo_rgb-300x98.png\" class=\"attachment-medium size-medium wp-image-1550\" alt=\"\" srcset=\"https:\/\/kaminada.nl\/wp-content\/uploads\/2025\/06\/Kaminada_legalaccounting_-logo_rgb-300x98.png 300w, https:\/\/kaminada.nl\/wp-content\/uploads\/2025\/06\/Kaminada_legalaccounting_-logo_rgb.png 598w\" sizes=\"(max-width: 300px) 100vw, 300px\" \/>\t\t\t\t\t\t\t\t<\/a>\n\t\t\t\t\t\t\t\t\t\t\t\t\t\t\t<\/div>\n\t\t\t\t<\/div>\n\t\t\t\t\t<\/div>\n\t\t\t\t<\/div>\n\t\t\t\t<\/div>\n\t\t<div class=\"elementor-element elementor-element-7fd14cc e-flex e-con-boxed e-con e-parent\" data-id=\"7fd14cc\" data-element_type=\"container\" data-settings=\"{&quot;background_background&quot;:&quot;classic&quot;}\">\n\t\t\t\t\t<div class=\"e-con-inner\">\n\t\t\t\t<div class=\"elementor-element elementor-element-351c239 elementor-widget elementor-widget-heading\" data-id=\"351c239\" data-element_type=\"widget\" data-widget_type=\"heading.default\">\n\t\t\t\t<div class=\"elementor-widget-container\">\n\t\t\t\t\t<h2 class=\"elementor-heading-title elementor-size-default\">Condiciones generales<\/h2>\t\t\t\t<\/div>\n\t\t\t\t<\/div>\n\t\t\t\t\t<\/div>\n\t\t\t\t<\/div>\n\t\t<div class=\"elementor-element elementor-element-235e2bc e-flex e-con-boxed e-con e-parent\" data-id=\"235e2bc\" data-element_type=\"container\" data-settings=\"{&quot;background_background&quot;:&quot;classic&quot;}\">\n\t\t\t\t\t<div class=\"e-con-inner\">\n\t\t\t\t<div class=\"elementor-element elementor-element-823a811 elementor-widget elementor-widget-text-editor\" data-id=\"823a811\" data-element_type=\"widget\" data-widget_type=\"text-editor.default\">\n\t\t\t\t<div class=\"elementor-widget-container\">\n\t\t\t\t\t\t\t\t\t<p><strong>Bienvenido a Kaminada.<\/strong> Las presentes Condiciones Generales se aplican al uso de nuestro sitio web <a href=\"https:\/\/kaminada.nl\/es\/\">www.kaminada.nl<\/a> as\u00ed como sobre los servicios de asesoramiento fiscal y jur\u00eddico que ofrecemos en Espa\u00f1a, Portugal y los Pa\u00edses Bajos.<\/p><p>Al acceder o utilizar nuestro sitio web, usted acepta plenamente estas condiciones. Si no est\u00e1 de acuerdo, no utilice nuestros servicios.<\/p><p>Estos T\u00e9rminos y Condiciones se aplican a todos los servicios profesionales prestados por Kaminada y ARM Abogados y complementan cualquier acuerdo espec\u00edfico entre Kaminada, ARM Abogados y el Cliente. En caso de contradicciones, prevalecer\u00e1 el acuerdo espec\u00edfico.<\/p><p><strong>Definiciones<\/strong><\/p><p>A efectos del presente documento, se aplicar\u00e1n las siguientes definiciones:<\/p><p>(i) \"Kaminada\":<\/p><ul><li>\"Kaminada Fiscal Y Contable S.L.\", con domicilio en Ctr. del Cap de la Nau 135, 03730 J\u00e1vea, Espa\u00f1a, registrada con CIF B70931993;<\/li><li>\"Kaminada B.V.\", con domicilio en Dr. Lelykade 44K, 2583CM La Haya, Pa\u00edses Bajos, registrada en la C\u00e1mara de Comercio con el n\u00famero 88043479;<\/li><li>\"Kaminada Gest\u00e3o e Fiscalidade Unipessoal LDA\", con domicilio en Avenida Conde de Oeiras 13\u00aa, 2720-125 Amadora, Portugal, registrada con el NIF PT518205282.<\/li><\/ul><p>(ii) \"Kaminada\" tambi\u00e9n incluye al personal profesional de las entidades mencionadas y sus filiales.<\/p><p>(iii) \"ARM Abogados\":<\/p><ul><li>\"ARM &amp; Asociados Abogados Y Asesores S.L.\", con domicilio en Ctr. del Cap de la Nau 135, 03730 J\u00e1vea, Espa\u00f1a, CIF B72474562;<\/li><li>\"ARM Advocaten CV\", con domicilio social en Dr Lelykade 44K, 2583CM La Haya, Pa\u00edses Bajos.<\/li><\/ul><p>(iv) \"Cliente\" significa el destinatario de cualquier acuerdo de servicio.<\/p><p>(v) \"Servicios\": los servicios profesionales definidos en el contrato de encargo.<\/p><p>\u00a0<\/p><p><strong>Objeto y \u00e1mbito de aplicaci\u00f3n<\/strong><\/p><p>El sitio web tiene como objetivo proporcionar informaci\u00f3n general sobre los servicios jur\u00eddicos y fiscales de Kaminada y ARM Abogados. Entre ellos se incluyen:<\/p><ul><li>Planificaci\u00f3n y cumplimiento fiscal para particulares y empresas<\/li><li>Constituci\u00f3n de empresas y contabilidad<\/li><li>Estados financieros y n\u00f3minas<\/li><li>Asesoramiento jur\u00eddico y representaci\u00f3n en litigios<\/li><\/ul><p>Estas condiciones se aplican a cualquier usuario del sitio web, independientemente de que adquiera o no un servicio. Al utilizar el sitio web, el usuario confirma haber le\u00eddo, comprendido y aceptado las presentes condiciones.<\/p><p>Nos reservamos el derecho a modificar estas condiciones en cualquier momento. El uso continuado del sitio web implica la aceptaci\u00f3n de los t\u00e9rminos y condiciones modificados. El Cliente debe consultar estos t\u00e9rminos y condiciones con regularidad. Si el Cliente no est\u00e1 de acuerdo con estos t\u00e9rminos y condiciones, deber\u00e1 dejar de utilizar el sitio web.<\/p><p>\u00a0<\/p><p><strong>Responsabilidad civil y seguros<\/strong><\/p><p>La informaci\u00f3n contenida en el sitio web no pretende ser asesoramiento jur\u00eddico o fiscal y no debe tomarse como tal. Kaminada no se hace responsable de las acciones basadas en el contenido de la p\u00e1gina web sin un asesoramiento profesional previo.<\/p><p>Kaminada no ser\u00e1 responsable de los da\u00f1os indirectos, especiales o consecuentes derivados del uso del sitio web, incluida la p\u00e9rdida de beneficios, la p\u00e9rdida de datos o las reclamaciones de terceros.<\/p><p>No asumimos ninguna responsabilidad por la informaci\u00f3n incorrecta o incompleta que nos facilite el Cliente. Tampoco por los da\u00f1os resultantes de la omisi\u00f3n de datos esenciales para la ejecuci\u00f3n del pedido.<\/p><p>El Cliente indemnizar\u00e1 a Kaminada, ARM Abogados, sus empleados y representantes contra todas las reclamaciones, costes, da\u00f1os y gastos derivados de las instrucciones del Cliente o de la violaci\u00f3n de las leyes y reglamentos aplicables.<\/p><p>Kaminada contratar\u00e1 un seguro de responsabilidad civil profesional adecuado, con una cobertura m\u00ednima de [X], suscrito con [x]. La prueba del seguro puede facilitarse previa solicitud. La presencia de un seguro no limita la responsabilidad del Cliente.<\/p><p>\u00a0<\/p><p><strong>Obligaci\u00f3n de pago y consecuencias del impago<\/strong><\/p><p>Las facturas de Kaminada y\/o ARM Abogados deber\u00e1n ser abonadas en el plazo de 7 d\u00edas h\u00e1biles desde la fecha de la factura, de acuerdo con la legislaci\u00f3n de Espa\u00f1a, Pa\u00edses Bajos, Portugal y la Directiva 2011\/7\/UE de lucha contra la morosidad.<\/p><p>Si se sobrepasa este plazo, el Cliente incurre autom\u00e1ticamente en mora, sin que sea necesaria notificaci\u00f3n de mora. En tal caso, el Cliente adeudar\u00e1 intereses de conformidad con la legislaci\u00f3n aplicable, as\u00ed como los gastos de cobro razonables.<\/p><p>En caso de impago reiterado, Kaminada y\/o ARM Abogados se reservan el derecho a suspender o dar por finalizados los servicios, sin perjuicio del derecho al pago de los servicios ya prestados y de los gastos ocasionados.<\/p><p>\u00a0<\/p><p><strong>Protecci\u00f3n de datos<\/strong><\/p><p>Kaminada cumple con el Reglamento General de Protecci\u00f3n de Datos (GDPR) y la legislaci\u00f3n nacional relacionada, como la LOPDGDD espa\u00f1ola. Los datos personales de los clientes se almacenan de forma segura y se comparten con ARM Abogados solo en la medida necesaria para la ejecuci\u00f3n del contrato.<\/p><p>Aunque tomamos las medidas de seguridad adecuadas, no podemos garantizar plenamente la seguridad de la transmisi\u00f3n de datos por Internet. Los clientes son conscientes de este riesgo y lo aceptan.<\/p><p>Encontrar\u00e1 m\u00e1s informaci\u00f3n en nuestra Declaraci\u00f3n de privacidad.<\/p><p>\u00a0<\/p><p><strong>Confidencialidad<\/strong><\/p><p>Todos los empleados de o en nombre de Kaminada est\u00e1n sujetos al deber de confidencialidad. Todas las comunicaciones, consejos y documentos se proporcionan bajo la condici\u00f3n expresa de confidencialidad.<\/p><p>Asimismo, ARM Abogados est\u00e1 obligada legal y profesionalmente a la confidencialidad de la informaci\u00f3n facilitada por el Cliente.<\/p><p>\u00a0<\/p><p><strong>Ley de prevenci\u00f3n del blanqueo de capitales y de la financiaci\u00f3n del terrorismo<\/strong><\/p><p>Kaminada y ARM Abogados cumplen con las obligaciones de la Ley 10\/2010 de prevenci\u00f3n del blanqueo de capitales y de la financiaci\u00f3n del terrorismo. El Cliente deber\u00e1 colaborar con las obligaciones de identificaci\u00f3n y, en su caso, responder a preguntas adicionales.<\/p><p>En caso de sospecha de blanqueo de capitales o financiaci\u00f3n del terrorismo, Kaminada puede verse obligada a informar al Colegio de Abogados y\/o al SEPBLAC. En caso de cooperaci\u00f3n insuficiente, Kaminada tiene derecho a rescindir el servicio, sin perjuicio del derecho a compensaci\u00f3n por los servicios y costes ya prestados.<\/p><p>\u00a0<\/p><p><strong>Legislaci\u00f3n aplicable y resoluci\u00f3n de litigios<\/strong><\/p><p>El uso del sitio web, su contenido y los servicios prestados se rigen por la legislaci\u00f3n espa\u00f1ola.<\/p><p>Los posibles conflictos se resolver\u00e1n en primera instancia mediante arbitraje vinculante administrado por el Colegio de Abogados de Elche. En segunda instancia, se podr\u00e1 recurrir a los tribunales espa\u00f1oles.<\/p><p>\u00a0<\/p><p><strong>Nulidad<\/strong><\/p><p>Si alguna disposici\u00f3n de estas condiciones se considera inv\u00e1lida o inaplicable, las dem\u00e1s disposiciones seguir\u00e1n siendo plenamente vigentes.<\/p><p>La ausencia de un acuerdo formal por escrito no impedir\u00e1 la ejecuci\u00f3n del pago; en tal caso, el contenido de la confirmaci\u00f3n del pedido de Kaminada ser\u00e1 determinante.<\/p>\t\t\t\t\t\t\t\t<\/div>\n\t\t\t\t<\/div>\n\t\t\t\t\t<\/div>\n\t\t\t\t<\/div>\n\t\t\t\t<\/div>","protected":false},"excerpt":{"rendered":"<p>NL: +31 850 848 390 ES: +34 865 780 203 info@kaminada.nl Algemene voorwaarden Welkom bij Kaminada. Deze Algemene Voorwaarden zijn van toepassing op het gebruik van onze website www.kaminada.nl alsmede op de fiscale en juridische adviesdiensten die wij aanbieden in Spanje, Portugal en Nederland. Door toegang te verkrijgen tot of gebruik te maken van onze [&hellip;]<\/p>","protected":false},"author":2,"featured_media":0,"parent":0,"menu_order":0,"comment_status":"closed","ping_status":"closed","template":"","meta":{"footnotes":""},"class_list":["post-243","page","type-page","status-publish","hentry"],"_links":{"self":[{"href":"https:\/\/kaminada.nl\/es\/wp-json\/wp\/v2\/pages\/243","targetHints":{"allow":["GET"]}}],"collection":[{"href":"https:\/\/kaminada.nl\/es\/wp-json\/wp\/v2\/pages"}],"about":[{"href":"https:\/\/kaminada.nl\/es\/wp-json\/wp\/v2\/types\/page"}],"author":[{"embeddable":true,"href":"https:\/\/kaminada.nl\/es\/wp-json\/wp\/v2\/users\/2"}],"replies":[{"embeddable":true,"href":"https:\/\/kaminada.nl\/es\/wp-json\/wp\/v2\/comments?post=243"}],"version-history":[{"count":0,"href":"https:\/\/kaminada.nl\/es\/wp-json\/wp\/v2\/pages\/243\/revisions"}],"wp:attachment":[{"href":"https:\/\/kaminada.nl\/es\/wp-json\/wp\/v2\/media?parent=243"}],"curies":[{"name":"wp","href":"https:\/\/api.w.org\/{rel}","templated":true}]}}