{"id":1100,"date":"2025-03-05T10:56:18","date_gmt":"2025-03-05T10:56:18","guid":{"rendered":"https:\/\/arm-abogados.com\/?page_id=3"},"modified":"2025-07-14T13:11:51","modified_gmt":"2025-07-14T11:11:51","slug":"condiciones-de-privacidad","status":"publish","type":"page","link":"https:\/\/kaminada.nl\/es\/condiciones-de-privacidad\/","title":{"rendered":"Protecci\u00f3n de datos"},"content":{"rendered":"<div data-elementor-type=\"wp-page\" data-elementor-id=\"1100\" class=\"elementor elementor-1100\" data-elementor-post-type=\"page\">\n\t\t\t\t<div class=\"elementor-element elementor-element-64b0996f e-con-full e-flex e-con e-parent\" data-id=\"64b0996f\" data-element_type=\"container\" id=\"header_pop\" data-settings=\"{&quot;sticky&quot;:&quot;top&quot;,&quot;sticky_on&quot;:[&quot;desktop&quot;,&quot;tablet&quot;,&quot;mobile&quot;],&quot;sticky_offset&quot;:0,&quot;sticky_effects_offset&quot;:0,&quot;sticky_anchor_link_offset&quot;:0}\">\n\t\t<div class=\"elementor-element elementor-element-97c8271 e-flex e-con-boxed e-con e-child\" data-id=\"97c8271\" data-element_type=\"container\" data-settings=\"{&quot;background_background&quot;:&quot;classic&quot;}\">\n\t\t\t\t\t<div class=\"e-con-inner\">\n\t\t<div class=\"elementor-element elementor-element-20ec30d6 elementor-hidden-mobile e-con-full e-flex e-con e-child\" data-id=\"20ec30d6\" data-element_type=\"container\">\n\t\t\t\t<div class=\"elementor-element elementor-element-56900a9e elementor-icon-list--layout-inline elementor-align-left elementor-mobile-align-center elementor-list-item-link-full_width elementor-widget elementor-widget-icon-list\" data-id=\"56900a9e\" data-element_type=\"widget\" data-widget_type=\"icon-list.default\">\n\t\t\t\t<div class=\"elementor-widget-container\">\n\t\t\t\t\t\t\t<ul class=\"elementor-icon-list-items elementor-inline-items\">\n\t\t\t\t\t\t\t<li class=\"elementor-icon-list-item elementor-inline-item\">\n\t\t\t\t\t\t\t\t\t\t\t<a href=\"tel:+31850848390\">\n\n\t\t\t\t\t\t\t\t\t\t\t\t<span class=\"elementor-icon-list-icon\">\n\t\t\t\t\t\t\t<svg aria-hidden=\"true\" class=\"e-font-icon-svg e-fas-phone\" viewbox=\"0 0 512 512\" xmlns=\"http:\/\/www.w3.org\/2000\/svg\"><path d=\"M493.4 24.6l-104-24c-11.3-2.6-22.9 3.3-27.5 13.9l-48 112c-4.2 9.8-1.4 21.3 6.9 28l60.6 49.6c-36 76.7-98.9 140.5-177.2 177.2l-49.6-60.6c-6.8-8.3-18.2-11.1-28-6.9l-112 48C3.9 366.5-2 378.1.6 389.4l24 104C27.1 504.2 36.7 512 48 512c256.1 0 464-207.5 464-464 0-11.2-7.7-20.9-18.6-23.4z\"><\/path><\/svg>\t\t\t\t\t\t<\/span>\n\t\t\t\t\t\t\t\t\t\t<span class=\"elementor-icon-list-text\">NL: +31 850 848 390<\/span>\n\t\t\t\t\t\t\t\t\t\t\t<\/a>\n\t\t\t\t\t\t\t\t\t<\/li>\n\t\t\t\t\t\t\t\t<li class=\"elementor-icon-list-item elementor-inline-item\">\n\t\t\t\t\t\t\t\t\t\t\t<a href=\"tel:+34865780203\">\n\n\t\t\t\t\t\t\t\t\t\t\t\t<span class=\"elementor-icon-list-icon\">\n\t\t\t\t\t\t\t<svg aria-hidden=\"true\" class=\"e-font-icon-svg e-fas-phone\" viewbox=\"0 0 512 512\" xmlns=\"http:\/\/www.w3.org\/2000\/svg\"><path d=\"M493.4 24.6l-104-24c-11.3-2.6-22.9 3.3-27.5 13.9l-48 112c-4.2 9.8-1.4 21.3 6.9 28l60.6 49.6c-36 76.7-98.9 140.5-177.2 177.2l-49.6-60.6c-6.8-8.3-18.2-11.1-28-6.9l-112 48C3.9 366.5-2 378.1.6 389.4l24 104C27.1 504.2 36.7 512 48 512c256.1 0 464-207.5 464-464 0-11.2-7.7-20.9-18.6-23.4z\"><\/path><\/svg>\t\t\t\t\t\t<\/span>\n\t\t\t\t\t\t\t\t\t\t<span class=\"elementor-icon-list-text\">ES: +34 865 780 203<\/span>\n\t\t\t\t\t\t\t\t\t\t\t<\/a>\n\t\t\t\t\t\t\t\t\t<\/li>\n\t\t\t\t\t\t\t\t<li class=\"elementor-icon-list-item elementor-inline-item\">\n\t\t\t\t\t\t\t\t\t\t\t<a href=\"#contactfooter\">\n\n\t\t\t\t\t\t\t\t\t\t\t\t<span class=\"elementor-icon-list-icon\">\n\t\t\t\t\t\t\t<svg aria-hidden=\"true\" class=\"e-font-icon-svg e-fas-envelope\" viewbox=\"0 0 512 512\" xmlns=\"http:\/\/www.w3.org\/2000\/svg\"><path d=\"M502.3 190.8c3.9-3.1 9.7-.2 9.7 4.7V400c0 26.5-21.5 48-48 48H48c-26.5 0-48-21.5-48-48V195.6c0-5 5.7-7.8 9.7-4.7 22.4 17.4 52.1 39.5 154.1 113.6 21.1 15.4 56.7 47.8 92.2 47.6 35.7.3 72-32.8 92.3-47.6 102-74.1 131.6-96.3 154-113.7zM256 320c23.2.4 56.6-29.2 73.4-41.4 132.7-96.3 142.8-104.7 173.4-128.7 5.8-4.5 9.2-11.5 9.2-18.9v-19c0-26.5-21.5-48-48-48H48C21.5 64 0 85.5 0 112v19c0 7.4 3.4 14.3 9.2 18.9 30.6 23.9 40.7 32.4 173.4 128.7 16.8 12.2 50.2 41.8 73.4 41.4z\"><\/path><\/svg>\t\t\t\t\t\t<\/span>\n\t\t\t\t\t\t\t\t\t\t<span class=\"elementor-icon-list-text\">info@kaminada.nl<\/span>\n\t\t\t\t\t\t\t\t\t\t\t<\/a>\n\t\t\t\t\t\t\t\t\t<\/li>\n\t\t\t\t\t\t<\/ul>\n\t\t\t\t\t\t<\/div>\n\t\t\t\t<\/div>\n\t\t\t\t<\/div>\n\t\t\t\t\t<\/div>\n\t\t\t\t<\/div>\n\t\t<div class=\"elementor-element elementor-element-1441c743 e-flex e-con-boxed e-con e-child\" data-id=\"1441c743\" data-element_type=\"container\" data-settings=\"{&quot;background_background&quot;:&quot;classic&quot;}\">\n\t\t\t\t\t<div class=\"e-con-inner\">\n\t\t\t\t<div class=\"elementor-element elementor-element-2412055c elementor-widget-tablet__width-initial e-transform elementor-widget elementor-widget-image\" data-id=\"2412055c\" data-element_type=\"widget\" data-settings=\"{&quot;_transform_scale_effect_tablet&quot;:{&quot;unit&quot;:&quot;px&quot;,&quot;size&quot;:2,&quot;sizes&quot;:[]},&quot;_transform_scale_effect&quot;:{&quot;unit&quot;:&quot;px&quot;,&quot;size&quot;:&quot;&quot;,&quot;sizes&quot;:[]},&quot;_transform_scale_effect_mobile&quot;:{&quot;unit&quot;:&quot;px&quot;,&quot;size&quot;:&quot;&quot;,&quot;sizes&quot;:[]}}\" data-widget_type=\"image.default\">\n\t\t\t\t<div class=\"elementor-widget-container\">\n\t\t\t\t\t\t\t\t\t\t\t\t\t\t\t\t<a href=\"https:\/\/kaminada.nl\/es\">\n\t\t\t\t\t\t\t<img decoding=\"async\" width=\"300\" height=\"98\" src=\"https:\/\/kaminada.nl\/wp-content\/uploads\/2025\/06\/Kaminada_legalaccounting_-logo_rgb-300x98.png\" class=\"attachment-medium size-medium wp-image-1550\" alt=\"\" srcset=\"https:\/\/kaminada.nl\/wp-content\/uploads\/2025\/06\/Kaminada_legalaccounting_-logo_rgb-300x98.png 300w, https:\/\/kaminada.nl\/wp-content\/uploads\/2025\/06\/Kaminada_legalaccounting_-logo_rgb.png 598w\" sizes=\"(max-width: 300px) 100vw, 300px\" \/>\t\t\t\t\t\t\t\t<\/a>\n\t\t\t\t\t\t\t\t\t\t\t\t\t\t\t<\/div>\n\t\t\t\t<\/div>\n\t\t\t\t\t<\/div>\n\t\t\t\t<\/div>\n\t\t\t\t<\/div>\n\t\t<div class=\"elementor-element elementor-element-453da479 e-flex e-con-boxed e-con e-parent\" data-id=\"453da479\" data-element_type=\"container\">\n\t\t\t\t\t<div class=\"e-con-inner\">\n\t\t\t\t\t<\/div>\n\t\t\t\t<\/div>\n\t\t<div class=\"elementor-element elementor-element-21693a3 e-flex e-con-boxed e-con e-parent\" data-id=\"21693a3\" data-element_type=\"container\">\n\t\t\t\t\t<div class=\"e-con-inner\">\n\t\t\t\t<div class=\"elementor-element elementor-element-de2f305 elementor-widget elementor-widget-text-editor\" data-id=\"de2f305\" data-element_type=\"widget\" data-widget_type=\"text-editor.default\">\n\t\t\t\t<div class=\"elementor-widget-container\">\n\t\t\t\t\t\t\t\t\t<p><strong>Declaraci\u00f3n de confidencialidad<\/strong><\/p>\n<p>Kaminada y ARM Abogados conceden gran importancia a la protecci\u00f3n de sus datos personales y se esfuerzan por lograr una total transparencia sobre c\u00f3mo se procesan estos datos, de conformidad con el Reglamento (UE) 2016\/679 (AVG\/GDPR), la Ley Org\u00e1nica 3\/2018 (LOPDGDD) espa\u00f1ola, la AVG holandesa y la Ley portuguesa n\u00ba 58\/2019.<\/p>\n<p>Esta declaraci\u00f3n de privacidad explica c\u00f3mo recogemos, utilizamos, compartimos y protegemos los datos personales cuando usted utiliza nuestros servicios o visita nuestro sitio web.<\/p>\n<p>\u00a0<\/p>\n<p><strong>Controlador<\/strong><\/p>\n<p>Dependiendo de su relaci\u00f3n con nosotros y su ubicaci\u00f3n es el controlador:<\/p>\n<ul>\n<li>Kaminada B.V. (Pa\u00edses Bajos)<\/li>\n<li>Kaminada Fiscal y Contable S.L. (Espa\u00f1a)<\/li>\n<li>Kaminada Gest\u00e3o e Fiscalidade Unipessoal LDA (Portugal)<\/li>\n<li>ARM &amp; Asociados Abogados Y Asesores S.L. (Espa\u00f1a)<\/li>\n<li>ARM Advocaten C.V. (Pa\u00edses Bajos)<\/li>\n<\/ul>\n<p>Estas entidades, denominadas colectivamente \"Kaminada\" y \"ARM Abogados\", determinan los fines y medios del tratamiento de sus datos personales.<\/p>\n<p>\u00a0<\/p>\n<p><strong>Categor\u00edas de datos personales<\/strong><\/p>\n<p>Dependiendo del servicio que prestemos, podemos tratar las siguientes categor\u00edas de datos:<\/p>\n<ul>\n<li>Datos de identificaci\u00f3n: nombre, fecha de nacimiento, sexo, raz\u00f3n social, direcci\u00f3n<\/li>\n<li>Datos de contacto: direcci\u00f3n de correo electr\u00f3nico, n\u00famero de tel\u00e9fono<\/li>\n<li>Datos financieros: n\u00famero de cuenta bancaria, informaci\u00f3n de pago<\/li>\n<li>Datos fiscales y de identificaci\u00f3n legal: BSN, n\u00famero de identificaci\u00f3n fiscal, documento nacional de identidad<\/li>\n<li>Otros datos que facilite voluntariamente en el contexto del servicio<\/li>\n<\/ul>\n<p><strong>Categor\u00edas especiales de datos personales<\/strong> proceso s\u00f3lo si est\u00e1 justificado en virtud del art\u00edculo 9, apartado 2, de la AVG, por ejemplo:<\/p>\n<ul>\n<li>Obligaci\u00f3n legal (por ejemplo, declaraci\u00f3n de la renta, administraci\u00f3n de personal)<\/li>\n<li>Necesidad para la ejecuci\u00f3n de un contrato (por ejemplo, constituci\u00f3n de una sociedad, asistencia jur\u00eddica)<\/li>\n<li>Su consentimiento expreso (si no se aplica ninguna otra base jur\u00eddica)<\/li>\n<li>Procedimientos judiciales<\/li>\n<li>Intereses leg\u00edtimos (por ejemplo, prevenci\u00f3n del fraude o verificaci\u00f3n de la identidad), siempre que no se vulneren sus derechos fundamentales.<\/li>\n<\/ul>\n<p>\u00a0<\/p>\n<p><strong>Fines y bases jur\u00eddicas del tratamiento<\/strong><\/p>\n<p>Sus datos personales s\u00f3lo se tratar\u00e1n cuando exista una base jur\u00eddica v\u00e1lida para ello, y \u00fanicamente con fines espec\u00edficos, entre los que se incluyen:<\/p>\n<ul>\n<li>La ejecuci\u00f3n de un acuerdo o de medidas preparatorias<\/li>\n<li>Cumplir las obligaciones legales (por ejemplo, la legislaci\u00f3n fiscal y contra el blanqueo de dinero).<\/li>\n<li>Representar intereses leg\u00edtimos (por ejemplo, seguridad del sistema, prevenci\u00f3n del fraude)<\/li>\n<li>Su consentimiento expl\u00edcito, si es necesario<\/li>\n<\/ul>\n<p>No utilizamos la toma de decisiones automatizada ni la elaboraci\u00f3n de perfiles con consecuencias jur\u00eddicas o similares sin intervenci\u00f3n humana.<\/p>\n<p>\u00a0<\/p>\n<p><strong>Per\u00edodos de conservaci\u00f3n<\/strong><\/p>\n<p>Sus datos personales no se conservar\u00e1n m\u00e1s tiempo del necesario para los fines para los que fueron recogidos, entre ellos:<\/p>\n<ul>\n<li>La duraci\u00f3n del contrato de servicios<\/li>\n<li>Cumplir los periodos legales de conservaci\u00f3n (por ejemplo, registros fiscales).<\/li>\n<li>Con fines comerciales: mientras no se haya retirado el consentimiento.<\/li>\n<\/ul>\n<p>Al final del periodo de conservaci\u00f3n, los datos se eliminar\u00e1n de forma segura o se convertir\u00e1n en an\u00f3nimos.<\/p>\n<p>\u00a0<\/p>\n<p><strong>Intercambio de datos<\/strong><\/p>\n<p>No vendemos sus datos. Sus datos personales pueden ser compartidos con:<\/p>\n<ul>\n<li>Empleados cualificados de Kaminada y ARM Abogados<\/li>\n<li>Subcontratistas o terceros necesarios para nuestros servicios (por ejemplo, notarios, registros)<\/li>\n<li>Organismos gubernamentales si as\u00ed lo exige la ley (por ejemplo, autoridades fiscales, tribunales)<\/li>\n<li>Encargados del tratamiento (como los proveedores de servicios inform\u00e1ticos) sujetos a estrictas obligaciones de confidencialidad.<\/li>\n<\/ul>\n<p>En todos los casos, garantizamos el cumplimiento de las leyes de privacidad aplicables y las medidas de protecci\u00f3n adecuadas.<\/p>\n<p>\u00a0<\/p>\n<p><strong>Transferencias internacionales de datos<\/strong><\/p>\n<p>No transferimos sus datos fuera del Espacio Econ\u00f3mico Europeo (EEE) a menos que sea necesario para la prestaci\u00f3n de nuestros servicios. Si se produce una transferencia, tendr\u00e1 lugar de conformidad con el cap\u00edtulo V de la AVG, incluidas las cl\u00e1usulas contractuales tipo o sobre la base de una decisi\u00f3n de adecuaci\u00f3n.<\/p>\n<p>\u00a0<\/p>\n<p><strong>Sus derechos<\/strong><\/p>\n<p>Usted tiene los siguientes derechos, sujetos a condiciones legales:<\/p>\n<ul>\n<li>Derecho de acceso: puede saber qu\u00e9 datos tenemos sobre usted<\/li>\n<li>Derecho de rectificaci\u00f3n: corregir datos inexactos o incompletos<\/li>\n<li>Derecho de supresi\u00f3n de datos (cuando est\u00e9 permitido)<\/li>\n<li>Derecho de restricci\u00f3n: limitaci\u00f3n del tratamiento en determinadas situaciones<\/li>\n<li>Derecho a la portabilidad: recibir los datos en un formato transferible<\/li>\n<li>Derecho de oposici\u00f3n: oposici\u00f3n al tratamiento por motivos de inter\u00e9s leg\u00edtimo<\/li>\n<li>Derecho a retirar el consentimiento, si el tratamiento se basa en \u00e9l<\/li>\n<\/ul>\n<p>Para ejercer sus derechos, env\u00ede una solicitud a info@kaminada.nl, acompa\u00f1ada de una copia de su documento de identidad (haga ilegibles los datos sensibles como foto, MRZ, n\u00famero de documento y BSN). Le responderemos en el plazo de un mes.<\/p>\n<p>\u00a0<\/p>\n<p><strong>Medidas de seguridad<\/strong><\/p>\n<p>Tomamos las medidas de seguridad t\u00e9cnicas y organizativas adecuadas para proteger sus datos personales del acceso, modificaci\u00f3n, divulgaci\u00f3n o destrucci\u00f3n no autorizados. Entre ellas se incluyen el cifrado, el control de acceso y el almacenamiento seguro de datos.<\/p>\n<p>\u00a0<\/p>\n<p><strong>Quejas<\/strong><\/p>\n<p>Si cree que sus datos se est\u00e1n tratando de forma incorrecta o que se han vulnerado sus derechos, puede presentar una queja a la autoridad reguladora de su pa\u00eds:<\/p>\n<p><strong>Espa\u00f1a<\/strong><br \/>Agencia Espa\u00f1ola de Protecci\u00f3n de Datos (AEPD)<br \/><a href=\"http:\/\/www.aepd.es\">www.aepd.es<\/a><\/p>\n<p><strong>Pa\u00edses Bajos<\/strong><br \/>Autoridad de Datos Personales (AP)<br \/><a href=\"http:\/\/www.autoriteitpersoonsgegevens.nl\">www.autoriteitpersoonsgegevens.nl<\/a><\/p>\n<p><strong>Portugal<\/strong><br \/>Comisi\u00f3n Nacional de Protecci\u00f3n de Datos (CNPD)<br \/><a href=\"http:\/\/www.cnpd.pt\">www.cnpd.pt<\/a><\/p>\n<p>Si tiene preguntas o comentarios sobre esta declaraci\u00f3n, p\u00f3ngase en contacto con nosotros en <a href=\"mailto:info@kaminada.nl\">info@kaminada.nl<\/a><\/p>\n<p>\u00a0<\/p>\t\t\t\t\t\t\t\t<\/div>\n\t\t\t\t<\/div>\n\t\t\t\t\t<\/div>\n\t\t\t\t<\/div>\n\t\t\t\t<\/div>","protected":false},"excerpt":{"rendered":"<p>NL: +31 850 848 390 ES: +34 865 780 203 info@kaminada.nl Declaraci\u00f3n de privacidad Kaminada y ARM Abogados conceden gran importancia a la protecci\u00f3n de sus datos personales y se comprometen a una total transparencia sobre el tratamiento de los mismos, de conformidad con el Reglamento (UE) 2016\/679 (AVG\/GDPR), la Ley Org\u00e1nica 3\/2018 espa\u00f1ola (LOPDGDD), la AVG holandesa y la [...]<\/p>","protected":false},"author":2,"featured_media":0,"parent":0,"menu_order":0,"comment_status":"closed","ping_status":"closed","template":"","meta":{"footnotes":""},"class_list":["post-1100","page","type-page","status-publish","hentry"],"_links":{"self":[{"href":"https:\/\/kaminada.nl\/es\/wp-json\/wp\/v2\/pages\/1100","targetHints":{"allow":["GET"]}}],"collection":[{"href":"https:\/\/kaminada.nl\/es\/wp-json\/wp\/v2\/pages"}],"about":[{"href":"https:\/\/kaminada.nl\/es\/wp-json\/wp\/v2\/types\/page"}],"author":[{"embeddable":true,"href":"https:\/\/kaminada.nl\/es\/wp-json\/wp\/v2\/users\/2"}],"replies":[{"embeddable":true,"href":"https:\/\/kaminada.nl\/es\/wp-json\/wp\/v2\/comments?post=1100"}],"version-history":[{"count":0,"href":"https:\/\/kaminada.nl\/es\/wp-json\/wp\/v2\/pages\/1100\/revisions"}],"wp:attachment":[{"href":"https:\/\/kaminada.nl\/es\/wp-json\/wp\/v2\/media?parent=1100"}],"curies":[{"name":"wp","href":"https:\/\/api.w.org\/{rel}","templated":true}]}}