{"id":1100,"date":"2025-03-05T10:56:18","date_gmt":"2025-03-05T10:56:18","guid":{"rendered":"https:\/\/arm-abogados.com\/?page_id=3"},"modified":"2025-07-14T13:11:51","modified_gmt":"2025-07-14T11:11:51","slug":"privacy-terms","status":"publish","type":"page","link":"https:\/\/kaminada.nl\/en\/privacy-terms\/","title":{"rendered":"Privacy terms"},"content":{"rendered":"<div data-elementor-type=\"wp-page\" data-elementor-id=\"1100\" class=\"elementor elementor-1100\" data-elementor-post-type=\"page\">\n\t\t\t\t<div class=\"elementor-element elementor-element-64b0996f e-con-full e-flex e-con e-parent\" data-id=\"64b0996f\" data-element_type=\"container\" id=\"header_pop\" data-settings=\"{&quot;sticky&quot;:&quot;top&quot;,&quot;sticky_on&quot;:[&quot;desktop&quot;,&quot;tablet&quot;,&quot;mobile&quot;],&quot;sticky_offset&quot;:0,&quot;sticky_effects_offset&quot;:0,&quot;sticky_anchor_link_offset&quot;:0}\">\n\t\t<div class=\"elementor-element elementor-element-97c8271 e-flex e-con-boxed e-con e-child\" data-id=\"97c8271\" data-element_type=\"container\" data-settings=\"{&quot;background_background&quot;:&quot;classic&quot;}\">\n\t\t\t\t\t<div class=\"e-con-inner\">\n\t\t<div class=\"elementor-element elementor-element-20ec30d6 elementor-hidden-mobile e-con-full e-flex e-con e-child\" data-id=\"20ec30d6\" data-element_type=\"container\">\n\t\t\t\t<div class=\"elementor-element elementor-element-56900a9e elementor-icon-list--layout-inline elementor-align-left elementor-mobile-align-center elementor-list-item-link-full_width elementor-widget elementor-widget-icon-list\" data-id=\"56900a9e\" data-element_type=\"widget\" data-widget_type=\"icon-list.default\">\n\t\t\t\t<div class=\"elementor-widget-container\">\n\t\t\t\t\t\t\t<ul class=\"elementor-icon-list-items elementor-inline-items\">\n\t\t\t\t\t\t\t<li class=\"elementor-icon-list-item elementor-inline-item\">\n\t\t\t\t\t\t\t\t\t\t\t<a href=\"tel:+31850848390\">\n\n\t\t\t\t\t\t\t\t\t\t\t\t<span class=\"elementor-icon-list-icon\">\n\t\t\t\t\t\t\t<svg aria-hidden=\"true\" class=\"e-font-icon-svg e-fas-phone\" viewbox=\"0 0 512 512\" xmlns=\"http:\/\/www.w3.org\/2000\/svg\"><path d=\"M493.4 24.6l-104-24c-11.3-2.6-22.9 3.3-27.5 13.9l-48 112c-4.2 9.8-1.4 21.3 6.9 28l60.6 49.6c-36 76.7-98.9 140.5-177.2 177.2l-49.6-60.6c-6.8-8.3-18.2-11.1-28-6.9l-112 48C3.9 366.5-2 378.1.6 389.4l24 104C27.1 504.2 36.7 512 48 512c256.1 0 464-207.5 464-464 0-11.2-7.7-20.9-18.6-23.4z\"><\/path><\/svg>\t\t\t\t\t\t<\/span>\n\t\t\t\t\t\t\t\t\t\t<span class=\"elementor-icon-list-text\">NL: +31 850 848 390<\/span>\n\t\t\t\t\t\t\t\t\t\t\t<\/a>\n\t\t\t\t\t\t\t\t\t<\/li>\n\t\t\t\t\t\t\t\t<li class=\"elementor-icon-list-item elementor-inline-item\">\n\t\t\t\t\t\t\t\t\t\t\t<a href=\"tel:+34865780203\">\n\n\t\t\t\t\t\t\t\t\t\t\t\t<span class=\"elementor-icon-list-icon\">\n\t\t\t\t\t\t\t<svg aria-hidden=\"true\" class=\"e-font-icon-svg e-fas-phone\" viewbox=\"0 0 512 512\" xmlns=\"http:\/\/www.w3.org\/2000\/svg\"><path d=\"M493.4 24.6l-104-24c-11.3-2.6-22.9 3.3-27.5 13.9l-48 112c-4.2 9.8-1.4 21.3 6.9 28l60.6 49.6c-36 76.7-98.9 140.5-177.2 177.2l-49.6-60.6c-6.8-8.3-18.2-11.1-28-6.9l-112 48C3.9 366.5-2 378.1.6 389.4l24 104C27.1 504.2 36.7 512 48 512c256.1 0 464-207.5 464-464 0-11.2-7.7-20.9-18.6-23.4z\"><\/path><\/svg>\t\t\t\t\t\t<\/span>\n\t\t\t\t\t\t\t\t\t\t<span class=\"elementor-icon-list-text\">ES: +34 865 780 203<\/span>\n\t\t\t\t\t\t\t\t\t\t\t<\/a>\n\t\t\t\t\t\t\t\t\t<\/li>\n\t\t\t\t\t\t\t\t<li class=\"elementor-icon-list-item elementor-inline-item\">\n\t\t\t\t\t\t\t\t\t\t\t<a href=\"#contactfooter\">\n\n\t\t\t\t\t\t\t\t\t\t\t\t<span class=\"elementor-icon-list-icon\">\n\t\t\t\t\t\t\t<svg aria-hidden=\"true\" class=\"e-font-icon-svg e-fas-envelope\" viewbox=\"0 0 512 512\" xmlns=\"http:\/\/www.w3.org\/2000\/svg\"><path d=\"M502.3 190.8c3.9-3.1 9.7-.2 9.7 4.7V400c0 26.5-21.5 48-48 48H48c-26.5 0-48-21.5-48-48V195.6c0-5 5.7-7.8 9.7-4.7 22.4 17.4 52.1 39.5 154.1 113.6 21.1 15.4 56.7 47.8 92.2 47.6 35.7.3 72-32.8 92.3-47.6 102-74.1 131.6-96.3 154-113.7zM256 320c23.2.4 56.6-29.2 73.4-41.4 132.7-96.3 142.8-104.7 173.4-128.7 5.8-4.5 9.2-11.5 9.2-18.9v-19c0-26.5-21.5-48-48-48H48C21.5 64 0 85.5 0 112v19c0 7.4 3.4 14.3 9.2 18.9 30.6 23.9 40.7 32.4 173.4 128.7 16.8 12.2 50.2 41.8 73.4 41.4z\"><\/path><\/svg>\t\t\t\t\t\t<\/span>\n\t\t\t\t\t\t\t\t\t\t<span class=\"elementor-icon-list-text\">info@kaminada.nl<\/span>\n\t\t\t\t\t\t\t\t\t\t\t<\/a>\n\t\t\t\t\t\t\t\t\t<\/li>\n\t\t\t\t\t\t<\/ul>\n\t\t\t\t\t\t<\/div>\n\t\t\t\t<\/div>\n\t\t\t\t<\/div>\n\t\t\t\t\t<\/div>\n\t\t\t\t<\/div>\n\t\t<div class=\"elementor-element elementor-element-1441c743 e-flex e-con-boxed e-con e-child\" data-id=\"1441c743\" data-element_type=\"container\" data-settings=\"{&quot;background_background&quot;:&quot;classic&quot;}\">\n\t\t\t\t\t<div class=\"e-con-inner\">\n\t\t\t\t<div class=\"elementor-element elementor-element-2412055c elementor-widget-tablet__width-initial e-transform elementor-widget elementor-widget-image\" data-id=\"2412055c\" data-element_type=\"widget\" data-settings=\"{&quot;_transform_scale_effect_tablet&quot;:{&quot;unit&quot;:&quot;px&quot;,&quot;size&quot;:2,&quot;sizes&quot;:[]},&quot;_transform_scale_effect&quot;:{&quot;unit&quot;:&quot;px&quot;,&quot;size&quot;:&quot;&quot;,&quot;sizes&quot;:[]},&quot;_transform_scale_effect_mobile&quot;:{&quot;unit&quot;:&quot;px&quot;,&quot;size&quot;:&quot;&quot;,&quot;sizes&quot;:[]}}\" data-widget_type=\"image.default\">\n\t\t\t\t<div class=\"elementor-widget-container\">\n\t\t\t\t\t\t\t\t\t\t\t\t\t\t\t\t<a href=\"https:\/\/kaminada.nl\/en\">\n\t\t\t\t\t\t\t<img decoding=\"async\" width=\"300\" height=\"98\" src=\"https:\/\/kaminada.nl\/wp-content\/uploads\/2025\/06\/Kaminada_legalaccounting_-logo_rgb-300x98.png\" class=\"attachment-medium size-medium wp-image-1550\" alt=\"\" srcset=\"https:\/\/kaminada.nl\/wp-content\/uploads\/2025\/06\/Kaminada_legalaccounting_-logo_rgb-300x98.png 300w, https:\/\/kaminada.nl\/wp-content\/uploads\/2025\/06\/Kaminada_legalaccounting_-logo_rgb.png 598w\" sizes=\"(max-width: 300px) 100vw, 300px\" \/>\t\t\t\t\t\t\t\t<\/a>\n\t\t\t\t\t\t\t\t\t\t\t\t\t\t\t<\/div>\n\t\t\t\t<\/div>\n\t\t\t\t\t<\/div>\n\t\t\t\t<\/div>\n\t\t\t\t<\/div>\n\t\t<div class=\"elementor-element elementor-element-453da479 e-flex e-con-boxed e-con e-parent\" data-id=\"453da479\" data-element_type=\"container\">\n\t\t\t\t\t<div class=\"e-con-inner\">\n\t\t\t\t\t<\/div>\n\t\t\t\t<\/div>\n\t\t<div class=\"elementor-element elementor-element-21693a3 e-flex e-con-boxed e-con e-parent\" data-id=\"21693a3\" data-element_type=\"container\">\n\t\t\t\t\t<div class=\"e-con-inner\">\n\t\t\t\t<div class=\"elementor-element elementor-element-de2f305 elementor-widget elementor-widget-text-editor\" data-id=\"de2f305\" data-element_type=\"widget\" data-widget_type=\"text-editor.default\">\n\t\t\t\t<div class=\"elementor-widget-container\">\n\t\t\t\t\t\t\t\t\t<p><strong>Privacy statement<\/strong><\/p>\n<p>Kaminada and ARM Abogados attach great importance to the protection of your personal data and strive for full transparency on how this data is processed, in accordance with Regulation (EU) 2016\/679 (AVG\/GDPR), the Spanish Organic Law 3\/2018 (LOPDGDD), the Dutch AVG and the Portuguese Law No 58\/2019.<\/p>\n<p>This privacy statement explains how we collect, use, share and secure personal data when you use our services or visit our website.<\/p>\n<p>\u00a0<\/p>\n<p><strong>Controller<\/strong><\/p>\n<p>Depending on your relationship with us and your location is the controller:<\/p>\n<ul>\n<li>Kaminada B.V. (Netherlands)<\/li>\n<li>Kaminada Fiscal y Contable S.L. (Spain)<\/li>\n<li>Kaminada Gest\u00e3o e Fiscalidade Unipessoal LDA (Portugal)<\/li>\n<li>ARM &amp; Asociados Abogados Y Asesores S.L. (Spain)<\/li>\n<li>ARM Advocaten C.V. (Netherlands)<\/li>\n<\/ul>\n<p>These entities, collectively referred to as \"Kaminada\" and \"ARM Abogados\", determine the purposes and means of processing your personal data.<\/p>\n<p>\u00a0<\/p>\n<p><strong>Categories of personal data<\/strong><\/p>\n<p>Depending on the service we provide, we may process the following categories of data:<\/p>\n<ul>\n<li>Identification data: name, date of birth, gender, company name, address<\/li>\n<li>Contact details: e-mail address, phone number<\/li>\n<li>Financial data: bank account number, payment information<\/li>\n<li>Tax and legal identification data: BSN, tax identification number, national ID<\/li>\n<li>Other data you provide voluntarily in the context of the service<\/li>\n<\/ul>\n<p><strong>Special categories of personal data<\/strong> process only if justified under Article 9(2) AVG, such as:<\/p>\n<ul>\n<li>Legal obligation (e.g. tax return, personnel administration)<\/li>\n<li>Necessity for performance of a contract (e.g. incorporation of a company, legal aid)<\/li>\n<li>Your express consent (if no other legal basis applies)<\/li>\n<li>Legal proceedings<\/li>\n<li>Legitimate interests (e.g. fraud prevention, identity verification), provided your fundamental rights are not violated<\/li>\n<\/ul>\n<p>\u00a0<\/p>\n<p><strong>Purposes and legal bases of processing<\/strong><\/p>\n<p>Your personal data will only be processed where there is a valid legal basis for doing so, and only for specific purposes, including:<\/p>\n<ul>\n<li>The execution of an agreement or preparatory measures<\/li>\n<li>Complying with legal obligations (e.g. tax and anti-money laundering legislation)<\/li>\n<li>Represent legitimate interests (e.g. system security, fraud prevention)<\/li>\n<li>Your explicit consent, if required<\/li>\n<\/ul>\n<p>We do not use automated decision-making or profiling with legal or similar consequences without human intervention.<\/p>\n<p>\u00a0<\/p>\n<p><strong>Retention periods<\/strong><\/p>\n<p>Your personal data will not be kept longer than necessary for the purposes for which it was collected, including:<\/p>\n<ul>\n<li>The duration of the service agreement<\/li>\n<li>Comply with legal retention periods (e.g. tax records)<\/li>\n<li>For marketing purposes: as long as consent has not been withdrawn<\/li>\n<\/ul>\n<p>At the end of the retention period, the data will be securely deleted or anonymised.<\/p>\n<p>\u00a0<\/p>\n<p><strong>Data sharing<\/strong><\/p>\n<p>We do not sell your data. Your personal data may be shared with:<\/p>\n<ul>\n<li>Qualified employees of Kaminada and ARM Abogados<\/li>\n<li>Subcontractors or third parties required for our services (e.g. notaries, registries)<\/li>\n<li>Government agencies if required by law (e.g. tax authorities, court)<\/li>\n<li>Processors (such as IT service providers) under strict confidentiality obligations<\/li>\n<\/ul>\n<p>In all cases, we ensure compliance with applicable privacy laws and appropriate protective measures.<\/p>\n<p>\u00a0<\/p>\n<p><strong>International data transfers<\/strong><\/p>\n<p>We do not transfer your data outside the European Economic Area (EEA) unless this is necessary for the performance of our services. If a transfer takes place, it will be in accordance with Chapter V of the AVG, including Standard Contractual Clauses or on the basis of an adequacy decision.<\/p>\n<p>\u00a0<\/p>\n<p><strong>Your rights<\/strong><\/p>\n<p>You have the following rights, subject to legal conditions:<\/p>\n<ul>\n<li>Right of access - you may know what data we hold about you<\/li>\n<li>Right to rectification - correct inaccurate or incomplete data<\/li>\n<li>Right to erasure - having data erased (where permitted)<\/li>\n<li>Right to restriction - having processing restricted in certain situations<\/li>\n<li>Right to portability - receive data in transferable format<\/li>\n<li>Right to object - object to processing on legitimate interest grounds<\/li>\n<li>Right to withdraw consent - if the processing is based on it<\/li>\n<\/ul>\n<p>To exercise your rights, please submit a request at info@kaminada.nl, accompanied by a copy of your proof of identity (make sensitive data such as photo, MRZ, document number and BSN illegible). We will respond within one month.<\/p>\n<p>\u00a0<\/p>\n<p><strong>Security measures<\/strong><\/p>\n<p>We take appropriate technical and organisational security measures to protect your personal data from unauthorised access, modification, disclosure or destruction. These include encryption, access control and secure data storage.<\/p>\n<p>\u00a0<\/p>\n<p><strong>Complaints<\/strong><\/p>\n<p>If you believe that your data is being processed incorrectly or that your rights have been violated, you can complain to your national regulator:<\/p>\n<p><strong>Spain<\/strong><br \/>Agencia Espa\u00f1ola de Protecci\u00f3n de Datos (AEPD)<br \/><a href=\"http:\/\/www.aepd.es\">www.aepd.es<\/a><\/p>\n<p><strong>Netherlands<\/strong><br \/>Personal Data Authority (AP)<br \/><a href=\"http:\/\/www.autoriteitpersoonsgegevens.nl\">www.autoriteitpersoonsgegevens.nl<\/a><\/p>\n<p><strong>Portugal<\/strong><br \/>Comiss\u00e3o Nacional de Prote\u00e7\u00e3o de Dados (CNPD)<br \/><a href=\"http:\/\/www.cnpd.pt\">www.cnpd.pt<\/a><\/p>\n<p>For questions or comments on this statement, please contact us at <a href=\"mailto:info@kaminada.nl\">info@kaminada.nl<\/a><\/p>\n<p>\u00a0<\/p>\t\t\t\t\t\t\t\t<\/div>\n\t\t\t\t<\/div>\n\t\t\t\t\t<\/div>\n\t\t\t\t<\/div>\n\t\t\t\t<\/div>","protected":false},"excerpt":{"rendered":"<p>NL: +31 850 848 390 ES: +34 865 780 203 info@kaminada.nl Privacy statement Kaminada and ARM Abogados attach great importance to the protection of your personal data and are committed to full transparency on how this data is processed, in accordance with Regulation (EU) 2016\/679 (AVG\/GDPR), the Spanish Organic Law 3\/2018 (LOPDGDD), the Dutch AVG and the Portuguese [...]<\/p>","protected":false},"author":2,"featured_media":0,"parent":0,"menu_order":0,"comment_status":"closed","ping_status":"closed","template":"","meta":{"footnotes":""},"class_list":["post-1100","page","type-page","status-publish","hentry"],"_links":{"self":[{"href":"https:\/\/kaminada.nl\/en\/wp-json\/wp\/v2\/pages\/1100","targetHints":{"allow":["GET"]}}],"collection":[{"href":"https:\/\/kaminada.nl\/en\/wp-json\/wp\/v2\/pages"}],"about":[{"href":"https:\/\/kaminada.nl\/en\/wp-json\/wp\/v2\/types\/page"}],"author":[{"embeddable":true,"href":"https:\/\/kaminada.nl\/en\/wp-json\/wp\/v2\/users\/2"}],"replies":[{"embeddable":true,"href":"https:\/\/kaminada.nl\/en\/wp-json\/wp\/v2\/comments?post=1100"}],"version-history":[{"count":0,"href":"https:\/\/kaminada.nl\/en\/wp-json\/wp\/v2\/pages\/1100\/revisions"}],"wp:attachment":[{"href":"https:\/\/kaminada.nl\/en\/wp-json\/wp\/v2\/media?parent=1100"}],"curies":[{"name":"wp","href":"https:\/\/api.w.org\/{rel}","templated":true}]}}